{"id":988,"date":"2025-10-20T16:59:14","date_gmt":"2025-10-20T16:59:14","guid":{"rendered":"https:\/\/divisionplancher.com\/?post_type=product&#038;p=988"},"modified":"2025-10-20T17:00:24","modified_gmt":"2025-10-20T17:00:24","slug":"fractured-produce-00800","status":"publish","type":"product","link":"https:\/\/divisionplancher.com\/fr\/produit\/fractured-produce-00800\/","title":{"rendered":"Fractured &#8211; Produce 00800"},"content":{"rendered":"<h4><b>Shaw Philadelphia | Fractured : Un design abstrait, une performance commerciale<\/b><\/h4>\n<p>&nbsp;<\/p>\n<p>Sortez de l'ordinaire avec la collection Fractured de Shaw Philadelphia Mainstreet. <span class=\"citation-365\">Cette tuile de tapis haute performance est une \u0153uvre d'art pour le sol, dot\u00e9e d'un <\/span><b><span class=\"citation-365\">motif multicolore<\/span><\/b> (motif multicolore)  dynamique, con\u00e7u pour apporter une texture visuelle sophistiqu\u00e9e et du mouvement aux espaces commerciaux exigeants. <span class=\"citation-364\">Class\u00e9e pour un traficClass\u00e9e pour un trafic commercial <\/span><b><span class=\"citation-364\">\u00ab Heavy \u00bb (intense)<\/span><\/b><span class=\"citation-364 citation-end-364\"> traffic<\/span>Fractured est la synth\u00e8se parfaite entre un design abstrait et la performance robuste \u00e0 long terme que votre entreprise exige.<\/p>\n<div class=\"source-inline-chip-container ng-star-inserted\"><\/div>\n<div class=\"source-inline-chip-container ng-star-inserted\"><\/div>\n<p>&nbsp;<\/p>\n<h4><b>Caract\u00e9ristiques techniques :<\/b><\/h4>\n<p>&nbsp;<\/p>\n<ul>\n<li><b><span class=\"citation-363\">Nom du Style:<\/span><\/b><span class=\"citation-363 citation-end-363\"> Fractured <\/span>\n<div class=\"source-inline-chip-container ng-star-inserted\"><\/div>\n<\/li>\n<li><b><span class=\"citation-361\">Type de produit:<\/span><\/b><span class=\"citation-361 citation-end-361\"> Tuile de tapis (StrataWorx\u00ae Backing) <\/span>\n<div class=\"source-inline-chip-container ng-star-inserted\"><\/div>\n<div class=\"source-inline-chip-container ng-star-inserted\"><\/div>\n<\/li>\n<li><b><span class=\"citation-360\">Usage:<\/span><\/b><span class=\"citation-360 citation-end-360\"> Lourd <\/span>\n<div class=\"source-inline-chip-container ng-star-inserted\"><\/div>\n<\/li>\n<li><b><span class=\"citation-359\">Fibre:<\/span><\/b><span class=\"citation-359 citation-end-359\"> Eco Solution Q\u00ae Nylon <\/span>\n<div class=\"source-inline-chip-container ng-star-inserted\"><\/div>\n<\/li>\n<li><b><span class=\"citation-358\">M\u00e9thode de teinture:<\/span><\/b><span class=\"citation-358 citation-end-358\"> teinte dans la masse (\u00ab Solution Dyed \u00bb) <\/span>\n<div class=\"source-inline-chip-container ng-star-inserted\"><\/div>\n<\/li>\n<li><b><span class=\"citation-357\">Traitement protecteur:<\/span><\/b><span class=\"citation-357 citation-end-357\"> SSP Shaw Soil Protection <\/span>\n<div class=\"source-inline-chip-container ng-star-inserted\"><\/div>\n<\/li>\n<li><b><span class=\"citation-356\">Dimensions:<\/span><\/b><span class=\"citation-356 citation-end-356\"> 24 in x 24 in <\/span>\n<div class=\"source-inline-chip-container ng-star-inserted\"><\/div>\n<\/li>\n<li><b><span class=\"citation-355\">Garantie:<\/span><\/b><span class=\"citation-355 citation-end-355\"> 15 ans limit\u00e9e commerciale <\/span>\n<div class=\"source-inline-chip-container ng-star-inserted\"><\/div>\n<\/li>\n<li><b><span class=\"citation-354\">Qualit\u00e9 de l'air int\u00e9rieur:<\/span><\/b><span class=\"citation-354 citation-end-354\"> Certifi\u00e9 CRI Green Label Plus (GLP2671) <\/span>\n<div class=\"source-inline-chip-container ng-star-inserted\"><\/div>\n<div class=\"source-inline-chip-container ng-star-inserted\"><\/div>\n<\/li>\n<\/ul>\n<hr \/>\n<p>&nbsp;<\/p>\n<h4><b>Caract\u00e9ristiques et avantages<\/b><\/h4>\n<p>&nbsp;<\/p>\n<p><b>Built for Demanding Commercial Spaces<\/b> <span class=\"citation-353\">Class\u00e9e pour un traficClass\u00e9e pour un trafic commercial <\/span><b><span class=\"citation-353\">\u00ab Heavy \u00bb (intense)<\/span><\/b><span class=\"citation-353 citation-end-353\"> Con\u00e7ue pour les espaces commerciaux exigeants<\/span>, la collection Fractured est con\u00e7ue pour performer dans les bureaux achaland\u00e9s, les couloirs et les espaces publics.. <span class=\"citation-352 citation-end-352\">Sa fondation est la fibre de nylon r\u00e9siliente Eco Solution Q\u00ae <\/span><span class=\"citation-351 citation-end-351\">, appuy\u00e9e par une garantie limit\u00e9e commerciale de 15 ans pour votre tranquillit\u00e9 d'esprit.<\/span>.<\/p>\n<div class=\"source-inline-chip-container ng-star-inserted\"><\/div>\n<div class=\"source-inline-chip-container ng-star-inserted\"><\/div>\n<div class=\"source-inline-chip-container ng-star-inserted\"><\/div>\n<p><b>R\u00e9sistance sup\u00e9rieure aux taches et \u00e0 la salet\u00e9<\/b> <span class=\"citation-350\">La <\/span><b><span class=\"citation-350\">Fibre teinte dans la masse<\/span><\/b><span class=\"citation-350 citation-end-350\"> fiber <\/span> ignifie que la couleur est permanente et offre une r\u00e9sistance sup\u00e9rieure \u00e0 la d\u00e9coloration et aux taches tenaces. <span class=\"citation-349\">Ceci est renforc\u00e9 par le traitement <\/span><b><span class=\"citation-349\">&#8220;SSP Shaw Soil Protection&#8221;<\/span><\/b>, qui rend la moquette plus facile \u00e0 nettoyer et \u00e0 entretenir, assurant une apparence professionnelle pour les ann\u00e9es \u00e0 venir.<\/p>\n<div class=\"source-inline-chip-container ng-star-inserted\"><\/div>\n<div class=\"source-inline-chip-container ng-star-inserted\"><\/div>\n<p><b>Design sophistiqu\u00e9, libert\u00e9 de cr\u00e9ation<\/b> <span class=\"citation-348\">Le <\/span><b><span class=\"citation-348\">motif multicolore<\/span><\/b> dynamique cr\u00e9e un visuel abstrait et non directionnel qui excelle \u00e0 dissimuler les traces de pas tout en ajoutant un \u00e9l\u00e9ment de design haut de gamme \u00e0 votre espace. <span class=\"citation-347 citation-end-347\">Les tuiles modulaires de 24 po x 24 po <\/span><span class=\"citation-346\">offrent une immense flexibilit\u00e9 cr\u00e9ative, permettant de multiples m\u00e9thodes d'installation, y compris <\/span><b><span class=\"citation-346\">Monolithique<\/span><\/b><span class=\"citation-346\">, <\/span><b><span class=\"citation-346\">Quart de tour<\/span><\/b><span class=\"citation-346\">, <\/span><b><span class=\"citation-346\">&#8220;Ashlar&#8221;<\/span><\/b><span class=\"citation-346\">, Et <\/span><b><span class=\"citation-346\">En Brique<\/span><\/b>.<\/p>\n<div class=\"source-inline-chip-container ng-star-inserted\"><\/div>\n<div class=\"source-inline-chip-container ng-star-inserted\"><\/div>\n<div class=\"source-inline-chip-container ng-star-inserted\"><\/div>\n<p><b>Un chef de file en design durable<\/b> Fractured est un plancher que vous pouvez sp\u00e9cifier en toute confiance. <span class=\"citation-345\">Elle est <\/span><b><span class=\"citation-345\">certifi\u00e9 Cradle to Cradle\u00ae niveau Argent<\/span><\/b> <span class=\"citation-344\">et respecte des normes environnementales rigoureuses, y compris <\/span><b><span class=\"citation-344\">EPD<\/span><\/b> <span class=\"citation-343\">, <\/span><b><span class=\"citation-343\">HPD<\/span><\/b> <span class=\"citation-342\">, Et <\/span><b><span class=\"citation-342\">Declare<\/span><\/b><span class=\"citation-342 citation-end-342\"> (conforme au Living Building Challenge) <\/span><span class=\"citation-341\">, tout en \u00e9tant certifi\u00e9 <\/span><b><span class=\"citation-341\">certifi\u00e9e CRI Green Label Plus<\/span><\/b><span class=\"citation-341 citation-end-341\"> pour de faibles \u00e9missions de COV et un air int\u00e9rieur sain.<\/span>.<\/p>\n<div class=\"source-inline-chip-container ng-star-inserted\"><\/div>\n<div class=\"source-inline-chip-container ng-star-inserted\"><\/div>\n<div class=\"source-inline-chip-container ng-star-inserted\"><\/div>\n<div class=\"source-inline-chip-container ng-star-inserted\"><\/div>\n<div class=\"source-inline-chip-container ng-star-inserted\"><\/div>\n<p><b>Pr\u00eat \u00e0 apporter une touche de design abstrait \u00e0 votre espace commercial?<\/b> Contactez-nous pour une consultation priv\u00e9e \u00e0 notre salle de montre de Boisbriand ou commandez un \u00e9chantillon pour d\u00e9couvrir la texture sophistiqu\u00e9e de Fractured.<\/p>","protected":false},"excerpt":{"rendered":"<p class=\"translation-block\">La collection Fractured de Shaw Philadelphia apporte un design abstrait et dynamique aux espaces commerciaux. Cette tuile de tapis, class\u00e9e pour un trafic intense , pr\u00e9sente un motif multicolore r\u00e9silient sur une fibre de nylon Eco Solution Q\u00ae. Prot\u00e9g\u00e9e par le traitement SSP Shaw Soil Protection et appuy\u00e9e par une garantie limit\u00e9e commerciale de 15 ans, c'est une fondation durable et styl\u00e9e. En tant que produit certifi\u00e9 Cradle to Cradle\u00ae niveau Argent, c'est aussi un chef de file en design durable.<\/p>","protected":false},"featured_media":991,"comment_status":"open","ping_status":"closed","template":"","meta":{"_coblocks_attr":"","_coblocks_dimensions":"","_coblocks_responsive_height":"","_coblocks_accordion_ie_support":"","_kadence_starter_templates_imported_post":false,"_kad_post_transparent":"default","_kad_post_title":"","_kad_post_layout":"default","_kad_post_sidebar_id":"","_kad_post_content_style":"default","_kad_post_vertical_padding":"default","_kad_post_feature":"","_kad_post_feature_position":"","_kad_post_header":false,"_kad_post_footer":false,"_kad_post_classname":""},"product_brand":[],"product_cat":[42],"product_tag":[],"class_list":{"0":"post-988","1":"product","2":"type-product","3":"status-publish","4":"has-post-thumbnail","6":"product_cat-carpet-tiles","7":"pa_collection-fractured","8":"pa_species-carpet","9":"pa_supplier-shaw-industries","11":"first","12":"instock","13":"shipping-taxable","14":"product-type-simple","15":"entry","16":"content-bg","17":"loop-entry"},"_links":{"self":[{"href":"https:\/\/divisionplancher.com\/fr\/wp-json\/wp\/v2\/product\/988","targetHints":{"allow":["GET"]}}],"collection":[{"href":"https:\/\/divisionplancher.com\/fr\/wp-json\/wp\/v2\/product"}],"about":[{"href":"https:\/\/divisionplancher.com\/fr\/wp-json\/wp\/v2\/types\/product"}],"replies":[{"embeddable":true,"href":"https:\/\/divisionplancher.com\/fr\/wp-json\/wp\/v2\/comments?post=988"}],"wp:featuredmedia":[{"embeddable":true,"href":"https:\/\/divisionplancher.com\/fr\/wp-json\/wp\/v2\/media\/991"}],"wp:attachment":[{"href":"https:\/\/divisionplancher.com\/fr\/wp-json\/wp\/v2\/media?parent=988"}],"wp:term":[{"taxonomy":"product_brand","embeddable":true,"href":"https:\/\/divisionplancher.com\/fr\/wp-json\/wp\/v2\/product_brand?post=988"},{"taxonomy":"product_cat","embeddable":true,"href":"https:\/\/divisionplancher.com\/fr\/wp-json\/wp\/v2\/product_cat?post=988"},{"taxonomy":"product_tag","embeddable":true,"href":"https:\/\/divisionplancher.com\/fr\/wp-json\/wp\/v2\/product_tag?post=988"}],"curies":[{"name":"wp","href":"https:\/\/api.w.org\/{rel}","templated":true}]}}