{"id":920,"date":"2025-10-16T17:50:00","date_gmt":"2025-10-16T17:50:00","guid":{"rendered":"https:\/\/divisionplancher.com\/?post_type=product&#038;p=920"},"modified":"2025-10-16T17:50:42","modified_gmt":"2025-10-16T17:50:42","slug":"hook-up-charged-91791","status":"publish","type":"product","link":"https:\/\/divisionplancher.com\/fr\/produit\/hook-up-charged-91791\/","title":{"rendered":"Hook up &#8211; Charged 91791"},"content":{"rendered":"<h4><b>Shaw Philadelphia | Hook Up : Connectez votre design avec une performance \u00e0 vie<\/b><\/h4>\n<p>&nbsp;<\/p>\n<p>Cr\u00e9ez un p\u00f4le d'activit\u00e9 et de style avec la collection Hook Up de Shaw Philadelphia. Ces tuiles de tapis haute performance sont con\u00e7ues pour allier une esth\u00e9tique de design moderne aux exigences d'un trafic commercial intense. Dot\u00e9e d'une capacit\u00e9 d'installation al\u00e9atoire innovante et appuy\u00e9e par une garantie commerciale \u00e0 vie, Hook Up est la fondation ultime pour les bureaux dynamiques, les studios cr\u00e9atifs et les espaces publics o\u00f9 le style et la substance sont essentiels.<\/p>\n<p>&nbsp;<\/p>\n<h4><b>Caract\u00e9ristiques techniques :<\/b><\/h4>\n<p>&nbsp;<\/p>\n<ul>\n<li><b><span class=\"citation-1185\">Nom du Style:<\/span><\/b><span class=\"citation-1185 citation-end-1185\"> Hook Up <\/span>\n<div class=\"source-inline-chip-container ng-star-inserted\"><\/div>\n<\/li>\n<li><b><span class=\"citation-1183\">Type de produit:<\/span><\/b><span class=\"citation-1183 citation-end-1183\"> Carpet Tile (EcoWorx\u00ae Backing) <\/span>\n<div class=\"source-inline-chip-container ng-star-inserted\"><\/div>\n<div class=\"source-inline-chip-container ng-star-inserted\"><\/div>\n<\/li>\n<li><b><span class=\"citation-1182\">Usage:<\/span><\/b><span class=\"citation-1182 citation-end-1182\"> Commercial Lourd <\/span>\n<div class=\"source-inline-chip-container ng-star-inserted\"><\/div>\n<\/li>\n<li><b><span class=\"citation-1181\">Fibre:<\/span><\/b><span class=\"citation-1181 citation-end-1181\"> EcoSolution Q100\u00ae Nylon <\/span>\n<div class=\"source-inline-chip-container ng-star-inserted\"><\/div>\n<div class=\"source-inline-chip-container ng-star-inserted\"><\/div>\n<\/li>\n<li><b><span class=\"citation-1180\">M\u00e9thode de teinture:<\/span><\/b><span class=\"citation-1180 citation-end-1180\"> teinte dans la masse (\u00ab Solution Dyed \u00bb) <\/span>\n<div class=\"source-inline-chip-container ng-star-inserted\"><\/div>\n<\/li>\n<li><b><span class=\"citation-1179\">Traitement protecteur:<\/span><\/b><span class=\"citation-1179 citation-end-1179\"> SSP Protective Treatments <\/span>\n<div class=\"source-inline-chip-container ng-star-inserted\"><\/div>\n<\/li>\n<li><b><span class=\"citation-1178\">Dimensions:<\/span><\/b><span class=\"citation-1178 citation-end-1178\"> 24 in x 24 in <\/span>\n<div class=\"source-inline-chip-container ng-star-inserted\"><\/div>\n<\/li>\n<li><b><span class=\"citation-1177\">Garantie:<\/span><\/b><span class=\"citation-1177 citation-end-1177\"> Garantie limit\u00e9e commerciale \u00e0 vie pour tuiles de tapis (taches et couleur) <\/span>\n<div class=\"source-inline-chip-container ng-star-inserted\"><\/div>\n<\/li>\n<\/ul>\n<hr \/>\n<p>&nbsp;<\/p>\n<h4><b>Caract\u00e9ristiques et avantages<\/b><\/h4>\n<p>&nbsp;<\/p>\n<p><b>Con\u00e7ue pour une vie de connexions<\/b> <span class=\"citation-1176 citation-end-1176\">Class\u00e9e pour un trafic commercial intense, la collection Hook Up repose sur la robustesse \u00e9prouv\u00e9e de la fibre de nylon EcoSolution Q100\u00ae<\/span>. <span class=\"citation-1175 citation-end-1175\">Le proc\u00e9d\u00e9 de teinture dans la masse assure une couleur permanente et une r\u00e9sistance sup\u00e9rieure aux taches et \u00e0 la d\u00e9coloration<\/span>. <span class=\"citation-1174\">Cette construction solide est appuy\u00e9e par une incroyable <\/span><b><span class=\"citation-1174\">garantie limit\u00e9e commerciale \u00e0 vie<\/span><\/b><span class=\"citation-1174 citation-end-1174\">, garantissant un plancher performant \u00e0 long terme<\/span>.<\/p>\n<div class=\"source-inline-chip-container ng-star-inserted\"><\/div>\n<div class=\"source-inline-chip-container ng-star-inserted\"><\/div>\n<div class=\"source-inline-chip-container ng-star-inserted\"><\/div>\n<div class=\"source-inline-chip-container ng-star-inserted\"><\/div>\n<p><b>La libert\u00e9 de l'installation al\u00e9atoire<\/b> Lib\u00e9rez votre cr\u00e9ativit\u00e9 et am\u00e9liorez l'efficacit\u00e9 de votre projet. <span class=\"citation-1173\">Hook Up est con\u00e7ue pour une <\/span><b><span class=\"citation-1173\">installation al\u00e9atoire<\/span><\/b><span class=\"citation-1173 citation-end-1173\">, ce qui signifie que les tuiles peuvent \u00eatre pos\u00e9es dans n'importe quelle direction<\/span>Cela cr\u00e9e non seulement une esth\u00e9tique unique et non directionnelle, mais r\u00e9duit aussi consid\u00e9rablement le temps d'installation et le gaspillage de mat\u00e9riaux par rapport aux tuiles \u00e0 motifs traditionnels.<\/p>\n<div class=\"source-inline-chip-container ng-star-inserted\"><\/div>\n<p><b>Un chef de file en design durable<\/b> Faites un geste environnemental fort avec votre choix de rev\u00eatement de sol. La collection Hook Up est un leader en mati\u00e8re de durabilit\u00e9, appuy\u00e9e par de nombreuses certifications tierces. <span class=\"citation-1172\">Elle est <\/span><b><span class=\"citation-1172\">certifi\u00e9e Cradle to Cradle\u00ae niveau Argent<\/span><\/b> <span class=\"citation-1171 citation-end-1171\">poss\u00e8de une \u00e9tiquette Declare pour la transparence des mat\u00e9riaux , <\/span><span class=\"citation-1170\">Et est <\/span><b><span class=\"citation-1170\">certifi\u00e9e CRI Green Label Plus<\/span><\/b><span class=\"citation-1170 citation-end-1170\"> pour ses faibles \u00e9missions de COV, assurant une meilleure qualit\u00e9 de l'air int\u00e9rieur<\/span>.<\/p>\n<div class=\"source-inline-chip-container ng-star-inserted\"><\/div>\n<div class=\"source-inline-chip-container ng-star-inserted\"><\/div>\n<div class=\"source-inline-chip-container ng-star-inserted\"><\/div>\n<p><b>Pr\u00eat \u00e0 connecter votre espace avec un plancher performant et durable?<\/b> Contactez-nous pour une consultation priv\u00e9e \u00e0 notre salle de montre de Boisbriand ou commandez un \u00e9chantillon pour d\u00e9couvrir la collection Hook Up.<\/p>","protected":false},"excerpt":{"rendered":"<p class=\"translation-block\">La collection Hook Up de Shaw Philadelphia est une tuile de tapis haute performance con\u00e7ue pour un trafic commercial intense. Dot\u00e9e d'un design permettant une installation al\u00e9atoire pour une libert\u00e9 cr\u00e9ative et moins de gaspillage , elle est appuy\u00e9e par une garantie limit\u00e9e commerciale \u00e0 vie. En tant que produit certifi\u00e9 Cradle to Cradle\u00ae niveau Argent, c'est le choix ultime pour un espace commercial durable et styl\u00e9.<\/p>","protected":false},"featured_media":924,"comment_status":"open","ping_status":"closed","template":"","meta":{"_coblocks_attr":"","_coblocks_dimensions":"","_coblocks_responsive_height":"","_coblocks_accordion_ie_support":"","_kadence_starter_templates_imported_post":false,"_kad_post_transparent":"default","_kad_post_title":"","_kad_post_layout":"default","_kad_post_sidebar_id":"","_kad_post_content_style":"default","_kad_post_vertical_padding":"default","_kad_post_feature":"","_kad_post_feature_position":"","_kad_post_header":false,"_kad_post_footer":false,"_kad_post_classname":""},"product_brand":[],"product_cat":[42],"product_tag":[],"class_list":{"0":"post-920","1":"product","2":"type-product","3":"status-publish","4":"has-post-thumbnail","6":"product_cat-carpet-tiles","7":"pa_collection-hook-up","8":"pa_species-carpet","9":"pa_supplier-shaw-industries","11":"first","12":"instock","13":"shipping-taxable","14":"product-type-simple","15":"entry","16":"content-bg","17":"loop-entry"},"_links":{"self":[{"href":"https:\/\/divisionplancher.com\/fr\/wp-json\/wp\/v2\/product\/920","targetHints":{"allow":["GET"]}}],"collection":[{"href":"https:\/\/divisionplancher.com\/fr\/wp-json\/wp\/v2\/product"}],"about":[{"href":"https:\/\/divisionplancher.com\/fr\/wp-json\/wp\/v2\/types\/product"}],"replies":[{"embeddable":true,"href":"https:\/\/divisionplancher.com\/fr\/wp-json\/wp\/v2\/comments?post=920"}],"wp:featuredmedia":[{"embeddable":true,"href":"https:\/\/divisionplancher.com\/fr\/wp-json\/wp\/v2\/media\/924"}],"wp:attachment":[{"href":"https:\/\/divisionplancher.com\/fr\/wp-json\/wp\/v2\/media?parent=920"}],"wp:term":[{"taxonomy":"product_brand","embeddable":true,"href":"https:\/\/divisionplancher.com\/fr\/wp-json\/wp\/v2\/product_brand?post=920"},{"taxonomy":"product_cat","embeddable":true,"href":"https:\/\/divisionplancher.com\/fr\/wp-json\/wp\/v2\/product_cat?post=920"},{"taxonomy":"product_tag","embeddable":true,"href":"https:\/\/divisionplancher.com\/fr\/wp-json\/wp\/v2\/product_tag?post=920"}],"curies":[{"name":"wp","href":"https:\/\/api.w.org\/{rel}","templated":true}]}}