{"id":900,"date":"2025-10-16T17:04:14","date_gmt":"2025-10-16T17:04:14","guid":{"rendered":"https:\/\/divisionplancher.com\/?post_type=product&#038;p=900"},"modified":"2025-10-16T17:05:18","modified_gmt":"2025-10-16T17:05:18","slug":"dynamo-cleverish-57405","status":"publish","type":"product","link":"https:\/\/divisionplancher.com\/fr\/produit\/dynamo-cleverish-57405\/","title":{"rendered":"Dynamo &#8211; Cleverish 57405"},"content":{"rendered":"<h4><b>Shaw Philadelphia | Dynamo : Un design dynamique pour les espaces commerciaux<\/b><\/h4>\n<p>&nbsp;<\/p>\n<p>Dynamisez votre int\u00e9rieur commercial avec la collection Dynamo de Shaw Philadelphia Mainstreet. Ces tuiles de tapis haute performance sont con\u00e7ues pour apporter une texture visuelle dynamique aux environnements les plus exigeants. Dot\u00e9e d'une construction boucl\u00e9e \u00e0 motifs multi-niveaux, Dynamo est con\u00e7ue pour r\u00e9sister \u00e0 un trafic commercial intense tout en offrant une base d'\u00e9nergie et de mouvement sophistiqu\u00e9e. C'est le choix parfait pour les bureaux modernes et les espaces publics qui n\u00e9cessitent un plancher aussi r\u00e9sistant que visuellement captivant.<\/p>\n<p>&nbsp;<\/p>\n<h4><b>Caract\u00e9ristiques techniques :<\/b><\/h4>\n<p>&nbsp;<\/p>\n<ul>\n<li><b><span class=\"citation-1079\">Nom du Style:<\/span><\/b><span class=\"citation-1079 citation-end-1079\"> Dynamo <\/span>\n<div class=\"source-inline-chip-container ng-star-inserted\"><\/div>\n<\/li>\n<li><b><span class=\"citation-1078\">Style Number:<\/span><\/b><span class=\"citation-1078 citation-end-1078\"> 54857 <\/span>\n<div class=\"source-inline-chip-container ng-star-inserted\"><\/div>\n<\/li>\n<li><b><span class=\"citation-1077\">Type de produit:<\/span><\/b><span class=\"citation-1077 citation-end-1077\"> Tuile de tapis (StrataWorx\u00ae Backing) <\/span>\n<div class=\"source-inline-chip-container ng-star-inserted\"><\/div>\n<\/li>\n<li><b><span class=\"citation-1076\">Usage:<\/span><\/b><span class=\"citation-1076 citation-end-1076\"> Commercial Lourd <\/span>\n<div class=\"source-inline-chip-container ng-star-inserted\"><\/div>\n<\/li>\n<li><b><span class=\"citation-1075\">Fibre:<\/span><\/b><span class=\"citation-1075 citation-end-1075\"> EcoSolution Q100\u00ae Nylon <\/span>\n<div class=\"source-inline-chip-container ng-star-inserted\"><\/div>\n<\/li>\n<li><b><span class=\"citation-1074\">M\u00e9thode de teinture:<\/span><\/b><span class=\"citation-1074 citation-end-1074\"> teinte dans la masse (\u00ab Solution Dyed \u00bb) <\/span>\n<div class=\"source-inline-chip-container ng-star-inserted\"><\/div>\n<\/li>\n<li><b><span class=\"citation-1073\">Traitement protecteur:<\/span><\/b><span class=\"citation-1073 citation-end-1073\"> SSP Shaw Soil Protection <\/span>\n<div class=\"source-inline-chip-container ng-star-inserted\"><\/div>\n<\/li>\n<li><b><span class=\"citation-1072\">Dimensions:<\/span><\/b><span class=\"citation-1072 citation-end-1072\"> 24 in x 24 in <\/span>\n<div class=\"source-inline-chip-container ng-star-inserted\"><\/div>\n<\/li>\n<li><b><span class=\"citation-1071\">Garantie:<\/span><\/b><span class=\"citation-1071 citation-end-1071\"> 15 ans limit\u00e9e commerciale <\/span>\n<div class=\"source-inline-chip-container ng-star-inserted\"><\/div>\n<div class=\"source-inline-chip-container ng-star-inserted\"><\/div>\n<\/li>\n<li><b><span class=\"citation-1070\">Qualit\u00e9 de l'air int\u00e9rieur:<\/span><\/b><span class=\"citation-1070 citation-end-1070\"> Certifi\u00e9 CRI Green Label Plus (GLP2671) <\/span>\n<div class=\"source-inline-chip-container ng-star-inserted\"><\/div>\n<div class=\"source-inline-chip-container ng-star-inserted\"><\/div>\n<\/li>\n<\/ul>\n<hr \/>\n<p>&nbsp;<\/p>\n<h4><b>Caract\u00e9ristiques et avantages<\/b><\/h4>\n<p>&nbsp;<\/p>\n<p><b>Con\u00e7ue pour le trafic intense<\/b> <span class=\"citation-1069 citation-end-1069\">Class\u00e9e pour un trafic commercial intense, la collection Dynamo est con\u00e7ue pour performer dans les espaces les plus achaland\u00e9s<\/span>. <span class=\"citation-1068 citation-end-1068\">Sa fibre de nylon EcoSolution Q100\u00ae offre une r\u00e9silience et une r\u00e9sistance \u00e0 l'usure exceptionnelles, le tout appuy\u00e9 par une garantie limit\u00e9e commerciale de 15 ans pour votre tranquillit\u00e9 d'esprit.<\/span>.<\/p>\n<div class=\"source-inline-chip-container ng-star-inserted\"><\/div>\n<div class=\"source-inline-chip-container ng-star-inserted\"><\/div>\n<div class=\"source-inline-chip-container ng-star-inserted\"><\/div>\n<p><b>Visuels dynamiques, apparence durable<\/b> <span class=\"citation-1067 citation-end-1067\">La construction boucl\u00e9e \u00e0 motifs multi-niveaux cr\u00e9e un visuel riche et textur\u00e9 qui ajoute de la profondeur et dissimule les traces de pas, gardant votre espace net et professionnel<\/span>. <span class=\"citation-1066 citation-end-1066\">Combin\u00e9e \u00e0 une fibre teinte dans la masse pour une r\u00e9sistance sup\u00e9rieure aux taches et \u00e0 la d\u00e9coloration et au traitement SSP Shaw Soil Protection pour un entretien facilit\u00e9, Dynamo est con\u00e7ue pour conserver son apparence vibrante au fil du temps<\/span>.<\/p>\n<div class=\"source-inline-chip-container ng-star-inserted\"><\/div>\n<div class=\"source-inline-chip-container ng-star-inserted\"><\/div>\n<div class=\"source-inline-chip-container ng-star-inserted\"><\/div>\n<p><b>Flexibilit\u00e9 cr\u00e9ative par conception<\/b> <span class=\"citation-1065 citation-end-1065\">Le format modulaire des tuiles de 24 po x 24 po lib\u00e8re le potentiel cr\u00e9atif<\/span>. <span class=\"citation-1064 citation-end-1064\">Les tuiles Dynamo peuvent \u00eatre install\u00e9es dans diverses configurations \u2014 y compris Monolithique, Quart de tour, Ashlar et Brique \u2014 vous permettant de cr\u00e9er des motifs uniques et des looks personnalis\u00e9s adapt\u00e9s \u00e0 votre vision de design<\/span>.<\/p>\n<div class=\"source-inline-chip-container ng-star-inserted\"><\/div>\n<div class=\"source-inline-chip-container ng-star-inserted\"><\/div>\n<p><b>Un engagement pour la sant\u00e9 et la durabilit\u00e9<\/b> Cr\u00e9ez un environnement int\u00e9rieur plus sain et plus responsable. <span class=\"citation-1063 citation-end-1063\">La collection Dynamo est certifi\u00e9e CRI Green Label Plus pour ses faibles \u00e9missions de COV et est fabriqu\u00e9e avec du contenu recycl\u00e9 pr\u00e9-consommation, alignant ainsi votre projet avec les normes modernes de durabilit\u00e9<\/span>.<\/p>\n<div class=\"source-inline-chip-container ng-star-inserted\"><\/div>\n<div class=\"source-inline-chip-container ng-star-inserted\"><\/div>\n<p><b>Pr\u00eat \u00e0 dynamiser votre espace commercial?<\/b> Contactez-nous pour une consultation priv\u00e9e \u00e0 notre salle de montre de Boisbriand ou commandez un \u00e9chantillon pour d\u00e9couvrir la texture dynamique de la collection Dynamo.<\/p>","protected":false},"excerpt":{"rendered":"<p class=\"translation-block\">La collection Dynamo de Shaw Philadelphia dynamise les espaces commerciaux avec son design boucl\u00e9 \u00e0 motifs multi-niveaux. Con\u00e7ue pour un trafic intense , sa fibre de nylon EcoSolution Q100\u00ae offre une durabilit\u00e9 et une r\u00e9sistance aux taches sup\u00e9rieures , appuy\u00e9es par une garantie limit\u00e9e commerciale de 15 ans. C'est le choix parfait pour une tuile de tapis r\u00e9siliente, visuellement captivante et haute performance.<\/p>","protected":false},"featured_media":903,"comment_status":"open","ping_status":"closed","template":"","meta":{"_coblocks_attr":"","_coblocks_dimensions":"","_coblocks_responsive_height":"","_coblocks_accordion_ie_support":"","_kadence_starter_templates_imported_post":false,"_kad_post_transparent":"default","_kad_post_title":"","_kad_post_layout":"default","_kad_post_sidebar_id":"","_kad_post_content_style":"default","_kad_post_vertical_padding":"default","_kad_post_feature":"","_kad_post_feature_position":"","_kad_post_header":false,"_kad_post_footer":false,"_kad_post_classname":""},"product_brand":[],"product_cat":[42],"product_tag":[],"class_list":{"0":"post-900","1":"product","2":"type-product","3":"status-publish","4":"has-post-thumbnail","6":"product_cat-carpet-tiles","7":"pa_collection-dynamo","8":"pa_species-carpet","9":"pa_supplier-shaw-industries","11":"first","12":"instock","13":"shipping-taxable","14":"product-type-simple","15":"entry","16":"content-bg","17":"loop-entry"},"_links":{"self":[{"href":"https:\/\/divisionplancher.com\/fr\/wp-json\/wp\/v2\/product\/900","targetHints":{"allow":["GET"]}}],"collection":[{"href":"https:\/\/divisionplancher.com\/fr\/wp-json\/wp\/v2\/product"}],"about":[{"href":"https:\/\/divisionplancher.com\/fr\/wp-json\/wp\/v2\/types\/product"}],"replies":[{"embeddable":true,"href":"https:\/\/divisionplancher.com\/fr\/wp-json\/wp\/v2\/comments?post=900"}],"wp:featuredmedia":[{"embeddable":true,"href":"https:\/\/divisionplancher.com\/fr\/wp-json\/wp\/v2\/media\/903"}],"wp:attachment":[{"href":"https:\/\/divisionplancher.com\/fr\/wp-json\/wp\/v2\/media?parent=900"}],"wp:term":[{"taxonomy":"product_brand","embeddable":true,"href":"https:\/\/divisionplancher.com\/fr\/wp-json\/wp\/v2\/product_brand?post=900"},{"taxonomy":"product_cat","embeddable":true,"href":"https:\/\/divisionplancher.com\/fr\/wp-json\/wp\/v2\/product_cat?post=900"},{"taxonomy":"product_tag","embeddable":true,"href":"https:\/\/divisionplancher.com\/fr\/wp-json\/wp\/v2\/product_tag?post=900"}],"curies":[{"name":"wp","href":"https:\/\/api.w.org\/{rel}","templated":true}]}}