{"id":878,"date":"2025-10-16T16:26:02","date_gmt":"2025-10-16T16:26:02","guid":{"rendered":"https:\/\/divisionplancher.com\/?post_type=product&#038;p=878"},"modified":"2025-10-16T16:26:58","modified_gmt":"2025-10-16T16:26:58","slug":"honeywisp-oak-6486","status":"publish","type":"product","link":"https:\/\/divisionplancher.com\/fr\/produit\/honeywisp-oak-6486\/","title":{"rendered":"Honeywisp Oak &#8211; 6486"},"content":{"rendered":"<h4><b>Power Dekor LUXORA : Le luxe sans compromis, la performance sans effort<\/b><\/h4>\n<p>&nbsp;<\/p>\n<p>D\u00e9couvrez un nouveau standard en mati\u00e8re de plancher de vinyle de luxe avec la collection LUXORA de Power Dekor. Con\u00e7ue pour ceux qui refusent de choisir entre un design sophistiqu\u00e9 et une durabilit\u00e9 pratique, LUXORA offre le r\u00e9alisme saisissant du bois naturel, fortifi\u00e9 par la protection in\u00e9gal\u00e9e de la technologie DiamondGard\u00ae. C'est la fondation parfaite et sans souci pour tout espace r\u00e9sidentiel haut de gamme ou commercial exigeant.<\/p>\n<p>&nbsp;<\/p>\n<h4><b>Caract\u00e9ristiques techniques :<\/b><\/h4>\n<p>&nbsp;<\/p>\n<ul>\n<li><b><span class=\"citation-991\">Collection:<\/span><\/b><span class=\"citation-991 citation-end-991\"> Planche vinyle de luxe LUXORA <\/span>\n<div class=\"source-inline-chip-container ng-star-inserted\"><\/div>\n<\/li>\n<li><b><span class=\"citation-990\">\u00c9paisseur Totale<\/span><\/b><span class=\"citation-990 citation-end-990\"> 5mm <\/span>\n<div class=\"source-inline-chip-container ng-star-inserted\"><\/div>\n<\/li>\n<li><b><span class=\"citation-989\">Couche d'Usure<\/span><\/b><span class=\"citation-989 citation-end-989\"> 20mil avec 2 couches anti-\u00e9gratignures DiamondGard\u00ae <\/span>\n<div class=\"source-inline-chip-container ng-star-inserted\"><\/div>\n<\/li>\n<li><b><span class=\"citation-988\">Dimensions:<\/span><\/b><span class=\"citation-988 citation-end-988\"> 7.25&#8243; x 48&#8243; <\/span>\n<div class=\"source-inline-chip-container ng-star-inserted\"><\/div>\n<\/li>\n<li><b><span class=\"citation-987\">Installation:<\/span><\/b><span class=\"citation-987 citation-end-987\"> Polyvalente, en pose libre (\u00ab Loose Lay \u00bb) ou coll\u00e9e <\/span>\n<div class=\"source-inline-chip-container ng-star-inserted\"><\/div>\n<\/li>\n<li><b><span class=\"citation-986\">Garantie:<\/span><\/b><span class=\"citation-986 citation-end-986\"> \u00c0 vie r\u00e9sidentiel \/ 25 ans commercial <\/span>\n<div class=\"source-inline-chip-container ng-star-inserted\"><\/div>\n<\/li>\n<li><b><span class=\"citation-985\">Emballage :<\/span><\/b><span class=\"citation-985 citation-end-985\"> 24,16 pi\u00b2 par bo\u00eete <\/span>\n<div class=\"source-inline-chip-container ng-star-inserted\"><\/div>\n<\/li>\n<\/ul>\n<hr \/>\n<p>&nbsp;<\/p>\n<h4><b>Caract\u00e9ristiques et avantages<\/b><\/h4>\n<p>&nbsp;<\/p>\n<p><b>L'avantage DiamondGard\u00ae : Une r\u00e9sistance sup\u00e9rieure aux \u00e9gratignures<\/b> <span class=\"citation-984 citation-end-984\">Au c\u0153ur de la r\u00e9silience de LUXORA se trouve le rev\u00eatement avanc\u00e9 DiamondGard\u00ae avec sa double couche anti-\u00e9gratignures. <\/span><span class=\"citation-983 citation-end-983\">Ce fini offre une protection in\u00e9gal\u00e9e contre les \u00e9raflures, les \u00e9gratignures et les taches de la vie quotidienne, le rendant exceptionnellement r\u00e9sistant face aux animaux de compagnie. <\/span> Cette technologie assure que le magnifique d\u00e9cor haute d\u00e9finition du plancher est pr\u00e9serv\u00e9, gardant votre espace impeccable pour les ann\u00e9es \u00e0 venir.<\/p>\n<div class=\"source-inline-chip-container ng-star-inserted\"><\/div>\n<div class=\"source-inline-chip-container ng-star-inserted\"><\/div>\n<div class=\"source-inline-chip-container ng-star-inserted\"><\/div>\n<p><b>Polyvalence d'installation ultime<\/b> <span class=\"citation-982 citation-end-982\">La collection LUXORA offre une flexibilit\u00e9 maximale, permettant une installation en pose libre (\u00ab Loose Lay \u00bb) ou enti\u00e8rement coll\u00e9e. <\/span> La m\u00e9thode en pose libre est incroyablement rapide et simple, parfaite pour la plupart des espaces r\u00e9sidentiels et commerciaux l\u00e9gers. Pour les environnements commerciaux les plus exigeants \u00e0 fort trafic, l'option coll\u00e9e offre une stabilit\u00e9 et une tranquillit\u00e9 d'esprit maximales.<\/p>\n<div class=\"source-inline-chip-container ng-star-inserted\"><\/div>\n<p><b>Un r\u00e9alisme saisissant en haute d\u00e9finition<\/b> <span class=\"citation-981 citation-end-981\">LUXORA obtient son apparence authentique \u00e0 couper le souffle gr\u00e2ce \u00e0 sa couche de d\u00e9cor DHD\u00ae (D\u00e9cor Haute D\u00e9finition) et sa texture de grain de bois emboss\u00e9. <\/span><span class=\"citation-980 citation-end-980\">Chaque planche est d\u00e9finie par un micro-biseau en V carr\u00e9 subtil, ajoutant une profondeur et un r\u00e9alisme quasi indiscernables du bois franc v\u00e9ritable. <\/span><\/p>\n<div class=\"source-inline-chip-container ng-star-inserted\"><\/div>\n<div class=\"source-inline-chip-container ng-star-inserted\"><\/div>\n<div class=\"source-inline-chip-container ng-star-inserted\"><\/div>\n<p><b>Une fondation saine pour votre espace<\/b> Cr\u00e9ez un environnement dans lequel vous vous sentez bien. <span class=\"citation-979\">La collection LUXORA est <\/span><b><span class=\"citation-979\">Certifi\u00e9 FloorScore\u00ae<\/span><\/b><span class=\"citation-979 citation-end-979\">, garantissant qu'elle respecte des normes rigoureuses en mati\u00e8re de faibles \u00e9missions de COV et contribue \u00e0 une meilleure qualit\u00e9 de l'air int\u00e9rieur. <\/span><\/p>\n<div class=\"source-inline-chip-container ng-star-inserted\"><\/div>\n<p><b>Pr\u00eat \u00e0 d\u00e9couvrir la fusion du luxe et de la performance?<\/b> Contactez-nous pour une consultation priv\u00e9e \u00e0 notre salle de montre de Boisbriand ou commandez un \u00e9chantillon pour voir et sentir la diff\u00e9rence DiamondGard\u00ae.<\/p>","protected":false},"excerpt":{"rendered":"<p class=\"translation-block\">La collection LUXORA de Power Dekor est une planche de vinyle de luxe \u00ab loose lay \u00bb (pose libre) de premi\u00e8re qualit\u00e9, renforc\u00e9e par le rev\u00eatement avanc\u00e9 DiamondGard\u00ae 2x Anti-\u00e9gratignures pour une durabilit\u00e9 sup\u00e9rieure. Dot\u00e9e d'une \u00e9paisseur robuste de 5 mm et d'une couche d'usure de 20mil, c'est la solution parfaite et sans souci pour les espaces r\u00e9sidentiels haut de gamme et commerciaux exigeants, appuy\u00e9e par une garantie \u00e0 vie en r\u00e9sidentiel et de 25 ans en commercial.<\/p>","protected":false},"featured_media":880,"comment_status":"open","ping_status":"closed","template":"","meta":{"_coblocks_attr":"","_coblocks_dimensions":"","_coblocks_responsive_height":"","_coblocks_accordion_ie_support":"","_kadence_starter_templates_imported_post":false,"_kad_post_transparent":"default","_kad_post_title":"","_kad_post_layout":"default","_kad_post_sidebar_id":"","_kad_post_content_style":"default","_kad_post_vertical_padding":"default","_kad_post_feature":"","_kad_post_feature_position":"","_kad_post_header":false,"_kad_post_footer":false,"_kad_post_classname":""},"product_brand":[],"product_cat":[41],"product_tag":[],"class_list":{"0":"post-878","1":"product","2":"type-product","3":"status-publish","4":"has-post-thumbnail","6":"product_cat-vinyl-flooring","7":"pa_collection-luxora-loose-lay","8":"pa_species-vinyl","9":"pa_supplier-power-dekor","11":"first","12":"instock","13":"shipping-taxable","14":"product-type-simple","15":"entry","16":"content-bg","17":"loop-entry"},"_links":{"self":[{"href":"https:\/\/divisionplancher.com\/fr\/wp-json\/wp\/v2\/product\/878","targetHints":{"allow":["GET"]}}],"collection":[{"href":"https:\/\/divisionplancher.com\/fr\/wp-json\/wp\/v2\/product"}],"about":[{"href":"https:\/\/divisionplancher.com\/fr\/wp-json\/wp\/v2\/types\/product"}],"replies":[{"embeddable":true,"href":"https:\/\/divisionplancher.com\/fr\/wp-json\/wp\/v2\/comments?post=878"}],"wp:featuredmedia":[{"embeddable":true,"href":"https:\/\/divisionplancher.com\/fr\/wp-json\/wp\/v2\/media\/880"}],"wp:attachment":[{"href":"https:\/\/divisionplancher.com\/fr\/wp-json\/wp\/v2\/media?parent=878"}],"wp:term":[{"taxonomy":"product_brand","embeddable":true,"href":"https:\/\/divisionplancher.com\/fr\/wp-json\/wp\/v2\/product_brand?post=878"},{"taxonomy":"product_cat","embeddable":true,"href":"https:\/\/divisionplancher.com\/fr\/wp-json\/wp\/v2\/product_cat?post=878"},{"taxonomy":"product_tag","embeddable":true,"href":"https:\/\/divisionplancher.com\/fr\/wp-json\/wp\/v2\/product_tag?post=878"}],"curies":[{"name":"wp","href":"https:\/\/api.w.org\/{rel}","templated":true}]}}