{"id":859,"date":"2025-10-15T18:57:38","date_gmt":"2025-10-15T18:57:38","guid":{"rendered":"https:\/\/divisionplancher.com\/?post_type=product&#038;p=859"},"modified":"2025-10-15T18:58:21","modified_gmt":"2025-10-15T18:58:21","slug":"intellect-sharp-45515","status":"publish","type":"product","link":"https:\/\/divisionplancher.com\/fr\/produit\/intellect-sharp-45515\/","title":{"rendered":"Intellect &#8211; Sharp 45515"},"content":{"rendered":"<h4 class=\"\"><b>Shaw Philadelphia | Intellect : Le design intelligent pour l'espace de travail moderne<\/b><\/h4>\n<p>&nbsp;<\/p>\n<p class=\"translation-block\">Pour les environnements commerciaux sophistiqu\u00e9s qui exigent une fusion intelligente entre l'esth\u00e9tique et la performance, la collection Intellect de Shaw Philadelphia Mainstreet est le choix sup\u00e9rieur. Ces tuiles de tapis haute performance pr\u00e9sentent une construction boucl\u00e9e graphique \u00e0 la fois subtile et dynamique, con\u00e7ue pour r\u00e9sister \u00e0 un trafic commercial intense tout en offrant une base visuelle raffin\u00e9e. Appuy\u00e9e par une garantie compl\u00e8te, Intellect est la solution r\u00e9fl\u00e9chie et performante pour l'espace de travail moderne.<\/p>\n<p>&nbsp;<\/p>\n<h4 class=\"\"><b>Caract\u00e9ristiques techniques :<\/b><\/h4>\n<p>&nbsp;<\/p>\n<ul>\n<li>\n<p class=\"animating\"><b class=\"\"><span class=\"citation-669\">Nom du Style:<\/span><\/b><span class=\"citation-669 citation-end-669 animating\"> Intellect<\/span><\/p>\n<\/li>\n<\/ul>\n<p>&nbsp;<\/p>\n<ul>\n<li>\n<p class=\"animating\"><b class=\"pending\"><span class=\"citation-667\">Type de produit:<\/span><\/b><span class=\"citation-667 citation-end-667 pending\"> Tuile de tapis (StrataWorx\u00ae Backing)<\/span><\/p>\n<\/li>\n<\/ul>\n<p>&nbsp;<\/p>\n<ul>\n<li>\n<p class=\"pending\"><b class=\"pending\"><span class=\"citation-666\">Usage:<\/span><\/b><span class=\"citation-666 citation-end-666 pending\"> Commercial Lourd<\/span><\/p>\n<\/li>\n<\/ul>\n<p>&nbsp;<\/p>\n<ul>\n<li>\n<p class=\"pending\"><b class=\"pending\"><span class=\"citation-665\">Fibre:<\/span><\/b><span class=\"citation-665 citation-end-665 pending\"> EcoSolution Q100\u00ae Nylon<\/span><\/p>\n<\/li>\n<\/ul>\n<p>&nbsp;<\/p>\n<ul>\n<li>\n<p class=\"pending\"><b class=\"pending\"><span class=\"citation-664\">M\u00e9thode de teinture:<\/span><\/b><span class=\"citation-664 citation-end-664 pending\"> teinte dans la masse (\u00ab Solution Dyed \u00bb)<\/span><\/p>\n<\/li>\n<\/ul>\n<p>&nbsp;<\/p>\n<ul>\n<li>\n<p class=\"pending\"><b class=\"pending\"><span class=\"citation-663\">Traitement protecteur:<\/span><\/b><span class=\"citation-663 citation-end-663 pending\"> SSP Shaw Soil Protection<\/span><\/p>\n<\/li>\n<\/ul>\n<p>&nbsp;<\/p>\n<ul>\n<li>\n<p class=\"pending\"><b class=\"pending\"><span class=\"citation-662\">Dimensions:<\/span><\/b><span class=\"citation-662 citation-end-662 pending\"> 24 in x 24 in<\/span><\/p>\n<\/li>\n<\/ul>\n<p>&nbsp;<\/p>\n<ul>\n<li>\n<p class=\"pending\"><b class=\"pending\"><span class=\"citation-661\">Garantie:<\/span><\/b><span class=\"citation-661 citation-end-661 pending\"> 15 ans limit\u00e9e commerciale<\/span><\/p>\n<\/li>\n<\/ul>\n<p>&nbsp;<\/p>\n<ul>\n<li>\n<p class=\"pending\"><b class=\"pending\"><span class=\"citation-660\">Qualit\u00e9 de l'air int\u00e9rieur:<\/span><\/b><span class=\"citation-660 citation-end-660 pending\"> Certifi\u00e9 CRI Green Label Plus (GLP2671) <\/span><\/p>\n<\/li>\n<\/ul>\n<hr class=\"\" \/>\n<p>&nbsp;<\/p>\n<h4 class=\"\"><b>Caract\u00e9ristiques et avantages<\/b><\/h4>\n<p>&nbsp;<\/p>\n<p><b class=\"\">Con\u00e7ue pour les environnements exigeants<\/b><span class=\"citation-659 citation-end-659\">La collection Intellect est class\u00e9e pour un trafic commercial intense, ce qui en fait une fondation id\u00e9ale pour les bureaux, les halls d'entr\u00e9e et les aires communes \u00e0 fort achalandage. <\/span><span class=\"citation-658 citation-end-658\">Sa fibre de nylon haute performance EcoSolution Q100\u00ae assure une r\u00e9silience et une durabilit\u00e9 exceptionnelles, le tout appuy\u00e9 par une garantie limit\u00e9e commerciale de 15 ans pour une tranquillit\u00e9 d'esprit totale. <\/span><\/p>\n<p><b class=\"\">Apparence durable, entretien simplifi\u00e9<\/b><span class=\"citation-657 citation-end-657\">La fibre teinte dans la masse signifie que la couleur fait partie int\u00e9grante du tapis, offrant une r\u00e9sistance sup\u00e9rieure \u00e0 la d\u00e9coloration et aux taches. <\/span><span class=\"citation-656 citation-end-656\">Ceci est renforc\u00e9 par le traitement SSP Shaw Soil Protection, qui aide \u00e0 emp\u00eacher la salet\u00e9 d'adh\u00e9rer \u00e0 la fibre, simplifiant l'entretien et pr\u00e9servant l'aspect sophistiqu\u00e9 du plancher au fil du temps. <\/span><\/p>\n<p><b class=\"\">Design sophistiqu\u00e9, libert\u00e9 de cr\u00e9ation<\/b><span class=\"citation-655 citation-end-655\">La construction subtile de type \u00ab boucl\u00e9e graphique \u00bb offre un visuel riche et textur\u00e9 qui ajoute de la profondeur et du professionnalisme \u00e0 tout espace. <\/span><span class=\"citation-654 citation-end-654\">Le format modulaire des tuiles de 24 po x 24 po permet une immense flexibilit\u00e9 de design avec de multiples options d'installation \u2014 y compris Monolithique, Quart de tour, Ashlar et Brique \u2014 pour cr\u00e9er un look vraiment personnalis\u00e9. <\/span><\/p>\n<p><b class=\"\">Un engagement pour la sant\u00e9 et la durabilit\u00e9<\/b><span class=\"\"> Cr\u00e9ez un environnement int\u00e9rieur plus sain et plus responsable.<\/span> <span class=\"citation-653 citation-end-653\">La collection Intellect est certifi\u00e9e CRI Green Label Plus pour ses faibles \u00e9missions de COV et est fabriqu\u00e9e avec du contenu recycl\u00e9 pr\u00e9-consommation, alignant ainsi votre projet avec les normes modernes de durabilit\u00e9. <\/span><\/p>\n<p>&nbsp;<\/p>","protected":false},"excerpt":{"rendered":"<p class=\"translation-block\">La collection Intellect de Shaw Philadelphia est la solution de plancher intelligente pour les espaces commerciaux exigeants. Con\u00e7ue pour un trafic intense, sa fibre de nylon EcoSolution Q100\u00ae, sa teinture dans la masse et son traitement SSP Shaw Soil Protection offrent une r\u00e9silience et une r\u00e9sistance aux taches sup\u00e9rieures. Appuy\u00e9e par une garantie limit\u00e9e commerciale de 15 ans, Intellect allie design sophistiqu\u00e9 et performance \u00e0 long terme.<\/p>","protected":false},"featured_media":863,"comment_status":"open","ping_status":"closed","template":"","meta":{"_coblocks_attr":"","_coblocks_dimensions":"","_coblocks_responsive_height":"","_coblocks_accordion_ie_support":"","_kadence_starter_templates_imported_post":false,"_kad_post_transparent":"default","_kad_post_title":"","_kad_post_layout":"default","_kad_post_sidebar_id":"","_kad_post_content_style":"default","_kad_post_vertical_padding":"default","_kad_post_feature":"","_kad_post_feature_position":"","_kad_post_header":false,"_kad_post_footer":false,"_kad_post_classname":""},"product_brand":[],"product_cat":[42],"product_tag":[],"class_list":{"0":"post-859","1":"product","2":"type-product","3":"status-publish","4":"has-post-thumbnail","6":"product_cat-carpet-tiles","7":"pa_collection-intellect","8":"pa_species-carpet","9":"pa_supplier-shaw-industries","11":"first","12":"instock","13":"shipping-taxable","14":"product-type-simple","15":"entry","16":"content-bg","17":"loop-entry"},"_links":{"self":[{"href":"https:\/\/divisionplancher.com\/fr\/wp-json\/wp\/v2\/product\/859","targetHints":{"allow":["GET"]}}],"collection":[{"href":"https:\/\/divisionplancher.com\/fr\/wp-json\/wp\/v2\/product"}],"about":[{"href":"https:\/\/divisionplancher.com\/fr\/wp-json\/wp\/v2\/types\/product"}],"replies":[{"embeddable":true,"href":"https:\/\/divisionplancher.com\/fr\/wp-json\/wp\/v2\/comments?post=859"}],"wp:featuredmedia":[{"embeddable":true,"href":"https:\/\/divisionplancher.com\/fr\/wp-json\/wp\/v2\/media\/863"}],"wp:attachment":[{"href":"https:\/\/divisionplancher.com\/fr\/wp-json\/wp\/v2\/media?parent=859"}],"wp:term":[{"taxonomy":"product_brand","embeddable":true,"href":"https:\/\/divisionplancher.com\/fr\/wp-json\/wp\/v2\/product_brand?post=859"},{"taxonomy":"product_cat","embeddable":true,"href":"https:\/\/divisionplancher.com\/fr\/wp-json\/wp\/v2\/product_cat?post=859"},{"taxonomy":"product_tag","embeddable":true,"href":"https:\/\/divisionplancher.com\/fr\/wp-json\/wp\/v2\/product_tag?post=859"}],"curies":[{"name":"wp","href":"https:\/\/api.w.org\/{rel}","templated":true}]}}