{"id":818,"date":"2025-10-15T18:14:16","date_gmt":"2025-10-15T18:14:16","guid":{"rendered":"https:\/\/divisionplancher.com\/?post_type=product&#038;p=818"},"modified":"2025-10-15T18:14:17","modified_gmt":"2025-10-15T18:14:17","slug":"genius-brilliant-44100","status":"publish","type":"product","link":"https:\/\/divisionplancher.com\/fr\/produit\/genius-brilliant-44100\/","title":{"rendered":"Genius &#8211; Brilliant 44100"},"content":{"rendered":"<h4><b>Shaw Philadelphia | Genius : Le choix intelligent pour la performance commerciale<\/b><\/h4>\n<p>&nbsp;<\/p>\n<p>Pour les espaces commerciaux qui exigent une solution intelligente en mati\u00e8re de design et de durabilit\u00e9, la collection Genius de Shaw Philadelphia Mainstreet est la r\u00e9ponse d\u00e9finitive. Ces tuiles de tapis haute performance sont con\u00e7ues pour r\u00e9sister \u00e0 un trafic commercial intense tout en offrant une immense flexibilit\u00e9 cr\u00e9ative. Fabriqu\u00e9e avec des mat\u00e9riaux innovants et appuy\u00e9e par une garantie compl\u00e8te, Genius est la fondation intelligente et fiable pour tout environnement professionnel.<\/p>\n<p>&nbsp;<\/p>\n<h4><b>Caract\u00e9ristiques techniques :<\/b><\/h4>\n<p>&nbsp;<\/p>\n<ul>\n<li><b><span class=\"citation-571\">Nom du Style:<\/span><\/b><span class=\"citation-571 citation-end-571\"> Genius <\/span>\n<div class=\"source-inline-chip-container ng-star-inserted\"><\/div>\n<div class=\"source-inline-chip-container ng-star-inserted\"><\/div>\n<\/li>\n<li><b><span class=\"citation-569\">Type de produit:<\/span><\/b><span class=\"citation-569 citation-end-569\"> Tuile de tapis (StrataWorx\u00ae Backing) <\/span>\n<div class=\"source-inline-chip-container ng-star-inserted\"><\/div>\n<div class=\"source-inline-chip-container ng-star-inserted\"><\/div>\n<\/li>\n<li><b><span class=\"citation-568\">Usage:<\/span><\/b><span class=\"citation-568 citation-end-568\"> Commercial Lourd <\/span>\n<div class=\"source-inline-chip-container ng-star-inserted\"><\/div>\n<\/li>\n<li><b><span class=\"citation-567\">Fibre:<\/span><\/b><span class=\"citation-567 citation-end-567\"> EcoSolution Q100\u00ae Nylon <\/span>\n<div class=\"source-inline-chip-container ng-star-inserted\"><\/div>\n<\/li>\n<li><b><span class=\"citation-566\">M\u00e9thode de teinture:<\/span><\/b><span class=\"citation-566 citation-end-566\"> teinte dans la masse (\u00ab Solution Dyed \u00bb) <\/span>\n<div class=\"source-inline-chip-container ng-star-inserted\"><\/div>\n<\/li>\n<li><b><span class=\"citation-565\">Traitement protecteur:<\/span><\/b><span class=\"citation-565 citation-end-565\"> SSP Shaw Soil Protection <\/span>\n<div class=\"source-inline-chip-container ng-star-inserted\"><\/div>\n<\/li>\n<li><b><span class=\"citation-564\">Dimensions:<\/span><\/b><span class=\"citation-564 citation-end-564\"> 24 in x 24 in <\/span>\n<div class=\"source-inline-chip-container ng-star-inserted\"><\/div>\n<\/li>\n<li><b><span class=\"citation-563\">Garantie:<\/span><\/b><span class=\"citation-563 citation-end-563\"> 15 ans limit\u00e9e commerciale <\/span>\n<div class=\"source-inline-chip-container ng-star-inserted\"><\/div>\n<\/li>\n<li><b><span class=\"citation-562\">Qualit\u00e9 de l'air int\u00e9rieur:<\/span><\/b><span class=\"citation-562 citation-end-562\"> Certifi\u00e9 CRI Green Label Plus (GLP2671) <\/span>\n<div class=\"source-inline-chip-container ng-star-inserted\"><\/div>\n<div class=\"source-inline-chip-container ng-star-inserted\"><\/div>\n<\/li>\n<\/ul>\n<hr \/>\n<p>&nbsp;<\/p>\n<h4><b>Caract\u00e9ristiques et avantages<\/b><\/h4>\n<p>&nbsp;<\/p>\n<p><b>Con\u00e7ue pour le trafic intense<\/b> <span class=\"citation-561 citation-end-561\">La collection Genius est class\u00e9e pour un trafic commercial intense, ce qui en fait le choix parfait pour les bureaux achaland\u00e9s, les corridors et les espaces publics<\/span>. <span class=\"citation-560 citation-end-560\">Sa fondation est la fibre de nylon haute performance EcoSolution Q100\u00ae, reconnue pour sa r\u00e9silience et sa durabilit\u00e9<\/span>. <span class=\"citation-559 citation-end-559\">Le tout est appuy\u00e9 par une garantie limit\u00e9e commerciale de 15 ans pour votre tranquillit\u00e9 d'esprit<\/span>.<\/p>\n<div class=\"source-inline-chip-container ng-star-inserted\"><\/div>\n<div class=\"source-inline-chip-container ng-star-inserted\"><\/div>\n<div class=\"source-inline-chip-container ng-star-inserted\"><\/div>\n<p><b>R\u00e9sistance sup\u00e9rieure aux taches et \u00e0 la salet\u00e9<\/b> <span class=\"citation-558 citation-end-558\">Gr\u00e2ce \u00e0 sa fibre teinte dans la masse, la couleur fait partie int\u00e9grante du tapis, offrant une r\u00e9sistance sup\u00e9rieure \u00e0 la d\u00e9coloration et aux taches caus\u00e9es par les produits de nettoyage puissants<\/span>. <span class=\"citation-557 citation-end-557\">Ceci est renforc\u00e9 par le traitement SSP Shaw Soil Protection, qui aide \u00e0 emp\u00eacher la salet\u00e9 d'adh\u00e9rer \u00e0 la fibre, facilitant le nettoyage et maintenant une apparence professionnelle<\/span>.<\/p>\n<div class=\"source-inline-chip-container ng-star-inserted\"><\/div>\n<div class=\"source-inline-chip-container ng-star-inserted\"><\/div>\n<p><b>Lib\u00e9rez votre g\u00e9nie cr\u00e9atif<\/b> <span class=\"citation-556 citation-end-556\">Le format modulaire des tuiles de 24 po x 24 po ouvre un monde de possibilit\u00e9s cr\u00e9atives<\/span>. <span class=\"citation-555 citation-end-555\">Les tuiles Genius peuvent \u00eatre install\u00e9es dans de multiples configurations \u2014 y compris Monolithique, Quart de tour, Ashlar et Brique \u2014 vous permettant de cr\u00e9er des motifs uniques, de d\u00e9limiter des espaces et de donner vie \u00e0 votre vision de design<\/span>.<\/p>\n<div class=\"source-inline-chip-container ng-star-inserted\"><\/div>\n<div class=\"source-inline-chip-container ng-star-inserted\"><\/div>\n<p><b>Un engagement pour un environnement plus sain<\/b> Cr\u00e9ez un environnement int\u00e9rieur plus sain pour vos employ\u00e9s et clients. <span class=\"citation-554 citation-end-554\">La collection Genius est certifi\u00e9e CRI Green Label Plus, ce qui signifie qu'elle respecte les normes les plus rigoureuses en mati\u00e8re de faibles \u00e9missions de COV<\/span>.<\/p>\n<div class=\"source-inline-chip-container ng-star-inserted\"><\/div>\n<div class=\"source-inline-chip-container ng-star-inserted\"><\/div>\n<p><b>Pr\u00eat \u00e0 faire le choix intelligent pour votre espace commercial?<\/b> Contactez-nous pour une consultation priv\u00e9e \u00e0 notre salle de montre de Boisbriand ou commandez un \u00e9chantillon pour d\u00e9couvrir le design intelligent de la collection Genius.<\/p>","protected":false},"excerpt":{"rendered":"<p><span class=\"citation-589 citation-end-589\">The Genius collection by Shaw Philadelphia is the intelligent choice for high-performance commercial carpet tiles<\/span>. <span class=\"citation-588 citation-end-588\">La collection Genius de Shaw Philadelphia est le choix intelligent en mati\u00e8re de tuiles de tapis commerciales haute performance. Con\u00e7ue pour un trafic commercial intense, sa fibre de nylon EcoSolution Q100\u00ae, sa teinture dans la masse et son traitement SSP Shaw Soil Protection offrent une durabilit\u00e9 et une r\u00e9sistance sup\u00e9rieures aux taches et \u00e0 la salet\u00e9. Appuy\u00e9e par une garantie limit\u00e9e commerciale de 15 ans, Genius est la fondation intelligente et fiable pour tout espace professionnel.<\/span>. <span class=\"citation-587 citation-end-587\">Backed by a 15-year commercial limited warranty, Genius provides a smart, reliable, and design-flexible foundation for any professional space<\/span>.<\/p>","protected":false},"featured_media":821,"comment_status":"open","ping_status":"closed","template":"","meta":{"_coblocks_attr":"","_coblocks_dimensions":"","_coblocks_responsive_height":"","_coblocks_accordion_ie_support":"","_kadence_starter_templates_imported_post":false,"_kad_post_transparent":"default","_kad_post_title":"","_kad_post_layout":"default","_kad_post_sidebar_id":"","_kad_post_content_style":"default","_kad_post_vertical_padding":"default","_kad_post_feature":"","_kad_post_feature_position":"","_kad_post_header":false,"_kad_post_footer":false,"_kad_post_classname":""},"product_brand":[],"product_cat":[42],"product_tag":[],"class_list":{"0":"post-818","1":"product","2":"type-product","3":"status-publish","4":"has-post-thumbnail","6":"product_cat-carpet-tiles","7":"pa_collection-genius","8":"pa_species-carpet","9":"pa_supplier-shaw-industries","11":"first","12":"instock","13":"shipping-taxable","14":"product-type-simple","15":"entry","16":"content-bg","17":"loop-entry"},"_links":{"self":[{"href":"https:\/\/divisionplancher.com\/fr\/wp-json\/wp\/v2\/product\/818","targetHints":{"allow":["GET"]}}],"collection":[{"href":"https:\/\/divisionplancher.com\/fr\/wp-json\/wp\/v2\/product"}],"about":[{"href":"https:\/\/divisionplancher.com\/fr\/wp-json\/wp\/v2\/types\/product"}],"replies":[{"embeddable":true,"href":"https:\/\/divisionplancher.com\/fr\/wp-json\/wp\/v2\/comments?post=818"}],"wp:featuredmedia":[{"embeddable":true,"href":"https:\/\/divisionplancher.com\/fr\/wp-json\/wp\/v2\/media\/821"}],"wp:attachment":[{"href":"https:\/\/divisionplancher.com\/fr\/wp-json\/wp\/v2\/media?parent=818"}],"wp:term":[{"taxonomy":"product_brand","embeddable":true,"href":"https:\/\/divisionplancher.com\/fr\/wp-json\/wp\/v2\/product_brand?post=818"},{"taxonomy":"product_cat","embeddable":true,"href":"https:\/\/divisionplancher.com\/fr\/wp-json\/wp\/v2\/product_cat?post=818"},{"taxonomy":"product_tag","embeddable":true,"href":"https:\/\/divisionplancher.com\/fr\/wp-json\/wp\/v2\/product_tag?post=818"}],"curies":[{"name":"wp","href":"https:\/\/api.w.org\/{rel}","templated":true}]}}