{"id":794,"date":"2025-10-15T16:36:33","date_gmt":"2025-10-15T16:36:33","guid":{"rendered":"https:\/\/divisionplancher.com\/?post_type=product&#038;p=794"},"modified":"2025-10-15T16:37:30","modified_gmt":"2025-10-15T16:37:30","slug":"cinnabark-00601","status":"publish","type":"product","link":"https:\/\/divisionplancher.com\/fr\/produit\/cinnabark-00601\/","title":{"rendered":"Cinnabark- 00601"},"content":{"rendered":"<p>&nbsp;<\/p>\n<h4><b>Shaw Philadelphia | COMMONS II : La solution de moquette int\u00e9rieure\/ext\u00e9rieure par excellence<\/b><\/h4>\n<p>&nbsp;<\/p>\n<p class=\"translation-block\">Lorsque vous avez besoin d'une moquette capable de supporter le trafic \u00e9lev\u00e9 des escaliers, des couloirs et des aires communes, la collection COMMONS II de Philadelphia Mainstreet par Shaw est le choix par excellence. Sp\u00e9cialement con\u00e7ue pour la polyvalence, cette moquette durable est couverte par une garantie int\u00e9rieure\/ext\u00e9rieure, ce qui en fait la solution parfaite et r\u00e9siliente pour les immeubles locatifs, les entr\u00e9es commerciales et tout espace qui fait le pont entre l'int\u00e9rieur et l'ext\u00e9rieur.<\/p>\n<div class=\"source-inline-chip-container ng-star-inserted\"><\/div>\n<div class=\"source-inline-chip-container ng-star-inserted\"><\/div>\n<p>&nbsp;<\/p>\n<h4><b>Caract\u00e9ristiques techniques :<\/b><\/h4>\n<p>&nbsp;<\/p>\n<ul>\n<li><b><span class=\"citation-443\">Nom du Style:<\/span><\/b><span class=\"citation-443 citation-end-443\"> COMMONS II <\/span><\/li>\n<li><b><span class=\"citation-441\">Usage:<\/span><\/b><span class=\"citation-441 citation-end-441\"> Indoor \/ Outdoor Broadloom <\/span>\n<div class=\"source-inline-chip-container ng-star-inserted\"><\/div>\n<\/li>\n<li><b><span class=\"citation-440\">Fibre:<\/span><\/b><span class=\"citation-440 citation-end-440\"> Polypropyl\u00e8ne \u00e0 haute r\u00e9sistance UV (teint dans la masse) <\/span>\n<div class=\"source-inline-chip-container ng-star-inserted\"><\/div>\n<\/li>\n<li><b><span class=\"citation-439\">Endos:<\/span><\/b><span class=\"citation-439 citation-end-439\"> Durogen Rubber <\/span>\n<div class=\"source-inline-chip-container ng-star-inserted\"><\/div>\n<\/li>\n<li><b><span class=\"citation-438\">Largeur:<\/span><\/b><span class=\"citation-438 citation-end-438\"> 12 pieds <\/span>\n<div class=\"source-inline-chip-container ng-star-inserted\"><\/div>\n<\/li>\n<li><b><span class=\"citation-437\">Construction:<\/span><\/b><span class=\"citation-437 citation-end-437\"> Natt\u00e9e (Hobnail) <\/span>\n<div class=\"source-inline-chip-container ng-star-inserted\"><\/div>\n<\/li>\n<li><b><span class=\"citation-436\">Garantie:<\/span><\/b><span class=\"citation-436 citation-end-436\"> 3 ans limit\u00e9e int\u00e9rieure\/ext\u00e9rieure <\/span>\n<div class=\"source-inline-chip-container ng-star-inserted\"><\/div>\n<\/li>\n<\/ul>\n<hr \/>\n<p>&nbsp;<\/p>\n<h4><b>Caract\u00e9ristiques et avantages<\/b><\/h4>\n<p>&nbsp;<\/p>\n<p><b>L'avantage int\u00e9rieur\/ext\u00e9rieur pour les escaliers \u00e0 fort trafic<\/b> <span class=\"citation-435 citation-end-435\">La collection COMMONS II est particuli\u00e8rement adapt\u00e9e aux zones exigeantes comme les escaliers dans les logements locatifs gr\u00e2ce \u00e0 sa garantie de 3 ans pour un usage int\u00e9rieur\/ext\u00e9rieur. <\/span><span class=\"citation-434 citation-end-434\">La fibre de polypropyl\u00e8ne \u00e0 haute r\u00e9sistance UV assure que la moquette ne se d\u00e9colore pas \u00e0 la lumi\u00e8re indirecte du soleil, tandis que sa construction est con\u00e7ue pour r\u00e9sister \u00e0 l'usure des espaces de transition. <\/span><\/p>\n<div class=\"source-inline-chip-container ng-star-inserted\"><\/div>\n<div class=\"source-inline-chip-container ng-star-inserted\"><\/div>\n<p><b>Con\u00e7ue pour une performance durable et un entretien facile<\/b> Cette moquette est faite pour durer. <span class=\"citation-433\">La fibre est <\/span><b><span class=\"citation-433\">teinte dans la masse (\u00ab Solution Dyed \u00bb)<\/span><\/b><span class=\"citation-433 citation-end-433\">, ce qui signifie que la couleur fait partie int\u00e9grante de la fibre elle-m\u00eame. <\/span> Cela offre une r\u00e9sistance exceptionnelle \u00e0 la d\u00e9coloration et aux taches tenaces, y compris celles caus\u00e9es par l'eau de Javel ou les produits de nettoyage puissants. <span class=\"citation-432 citation-end-432\">La construction textur\u00e9e \u00ab Hobnail \u00bb est non seulement durable, mais aussi excellente pour masquer la salet\u00e9 et les traces de pas, gardant vos espaces impeccables avec un minimum d'entretien. <\/span><\/p>\n<div class=\"source-inline-chip-container ng-star-inserted\"><\/div>\n<p><b>S\u00e9curitaire, stable et facile \u00e0 installer<\/b> <span class=\"citation-431 citation-end-431\">Avec son endos solide en caoutchouc Durogen, la moquette COMMONS II offre une base stable et s\u00e9curitaire. <\/span><span class=\"citation-430 citation-end-430\">Elle est conforme aux normes ADA pour les surfaces de marche, ce qui en fait un choix s\u00fbr pour les espaces publics et les aires communes. <\/span><span class=\"citation-429 citation-end-429\">La m\u00e9thode d'installation recommand\u00e9e en pose coll\u00e9e assure une adh\u00e9sion ferme et durable, parfaite pour les applications \u00e0 trafic \u00e9lev\u00e9. <\/span><\/p>\n<div class=\"source-inline-chip-container ng-star-inserted\"><\/div>\n<div class=\"source-inline-chip-container ng-star-inserted\"><\/div>\n<div class=\"source-inline-chip-container ng-star-inserted\"><\/div>\n<p><b>Pr\u00eat \u00e0 trouver une solution durable pour vos espaces les plus exigeants?<\/b> Contactez-nous pour une consultation priv\u00e9e \u00e0 notre salle de montre de Boisbriand ou commandez un \u00e9chantillon pour constater la qualit\u00e9 robuste de la collection COMMONS II.<\/p>","protected":false},"excerpt":{"rendered":"<p class=\"translation-block\">La collection COMMONS II de Shaw Philadelphia est la solution de choix pour les escaliers \u00e0 fort trafic dans les immeubles locatifs et les aires communes. Prot\u00e9g\u00e9e par une garantie de 3 ans int\u00e9rieur\/ext\u00e9rieur , sa fibre robuste en polypropyl\u00e8ne \u00e0 haute r\u00e9sistance UV et sa construction natt\u00e9e (Hobnail)  sont sp\u00e9cifiquement con\u00e7ues pour r\u00e9sister \u00e0 l'usure et \u00e0 la d\u00e9coloration dans les zones de transition exigeantes. C'est le choix ultime pour une surface s\u00e9curitaire, r\u00e9siliente et facile d'entretien o\u00f9 la durabilit\u00e9 est primordiale.<\/p>","protected":false},"featured_media":797,"comment_status":"open","ping_status":"closed","template":"","meta":{"_coblocks_attr":"","_coblocks_dimensions":"","_coblocks_responsive_height":"","_coblocks_accordion_ie_support":"","_kadence_starter_templates_imported_post":false,"_kad_post_transparent":"default","_kad_post_title":"","_kad_post_layout":"default","_kad_post_sidebar_id":"","_kad_post_content_style":"default","_kad_post_vertical_padding":"default","_kad_post_feature":"","_kad_post_feature_position":"","_kad_post_header":false,"_kad_post_footer":false,"_kad_post_classname":""},"product_brand":[],"product_cat":[43],"product_tag":[],"class_list":{"0":"post-794","1":"product","2":"type-product","3":"status-publish","4":"has-post-thumbnail","6":"product_cat-carpet-rolls","7":"pa_collection-common-ii","8":"pa_species-carpet","9":"pa_supplier-shaw-industries","11":"first","12":"instock","13":"shipping-taxable","14":"product-type-simple","15":"entry","16":"content-bg","17":"loop-entry"},"_links":{"self":[{"href":"https:\/\/divisionplancher.com\/fr\/wp-json\/wp\/v2\/product\/794","targetHints":{"allow":["GET"]}}],"collection":[{"href":"https:\/\/divisionplancher.com\/fr\/wp-json\/wp\/v2\/product"}],"about":[{"href":"https:\/\/divisionplancher.com\/fr\/wp-json\/wp\/v2\/types\/product"}],"replies":[{"embeddable":true,"href":"https:\/\/divisionplancher.com\/fr\/wp-json\/wp\/v2\/comments?post=794"}],"wp:featuredmedia":[{"embeddable":true,"href":"https:\/\/divisionplancher.com\/fr\/wp-json\/wp\/v2\/media\/797"}],"wp:attachment":[{"href":"https:\/\/divisionplancher.com\/fr\/wp-json\/wp\/v2\/media?parent=794"}],"wp:term":[{"taxonomy":"product_brand","embeddable":true,"href":"https:\/\/divisionplancher.com\/fr\/wp-json\/wp\/v2\/product_brand?post=794"},{"taxonomy":"product_cat","embeddable":true,"href":"https:\/\/divisionplancher.com\/fr\/wp-json\/wp\/v2\/product_cat?post=794"},{"taxonomy":"product_tag","embeddable":true,"href":"https:\/\/divisionplancher.com\/fr\/wp-json\/wp\/v2\/product_tag?post=794"}],"curies":[{"name":"wp","href":"https:\/\/api.w.org\/{rel}","templated":true}]}}