{"id":759,"date":"2025-10-14T17:17:09","date_gmt":"2025-10-14T17:17:09","guid":{"rendered":"https:\/\/divisionplancher.com\/?post_type=product&#038;p=759"},"modified":"2025-10-14T17:17:48","modified_gmt":"2025-10-14T17:17:48","slug":"zenith-krs","status":"publish","type":"product","link":"https:\/\/divisionplancher.com\/fr\/produit\/zenith-krs\/","title":{"rendered":"Zenith- KRS"},"content":{"rendered":"<h4><b>Power Dekor ENDURA KRS-SERIES : Le vrai bois franc, r\u00e9invent\u00e9 pour la vie moderne<\/b><\/h4>\n<p>&nbsp;<\/p>\n<p class=\"translation-block\">D\u00e9couvrez le futur du plancher avec la collection ENDURA KRS-SERIES de Power Dekor. Ce bois d'ing\u00e9nierie imperm\u00e9able r\u00e9volutionnaire  r\u00e9sout enfin le dilemme entre la beaut\u00e9 authentique du bois naturel et les exigences de la vie moderne. Dot\u00e9e d'une v\u00e9ritable couche de bois franc sur un noyau rigide en SPC, la collection ENDURA offre l'\u00e9l\u00e9gance intemporelle que vous d\u00e9sirez avec la performance sans compromis dont vous avez besoin.<\/p>\n<div class=\"source-inline-chip-container ng-star-inserted\"><\/div>\n<div class=\"source-inline-chip-container ng-star-inserted\"><\/div>\n<div class=\"source-inline-chip-container ng-star-inserted\"><\/div>\n<div class=\"source-inline-chip-container ng-star-inserted\"><\/div>\n<p>&nbsp;<\/p>\n<h4><b>Caract\u00e9ristiques techniques :<\/b><\/h4>\n<p>&nbsp;<\/p>\n<ul>\n<li><b><span class=\"citation-219\">Collection:<\/span><\/b><span class=\"citation-219 citation-end-219\"> ENDURA KRS-SERIES <\/span><span class=\"citation-218 citation-end-218\">Bois d'ing\u00e9nierie imperm\u00e9able <\/span>\n<div class=\"source-inline-chip-container ng-star-inserted\"><\/div>\n<div class=\"source-inline-chip-container ng-star-inserted\"><\/div>\n<div class=\"source-inline-chip-container ng-star-inserted\"><\/div>\n<\/li>\n<li><b><span class=\"citation-217\">\u00c9paisseur Totale<\/span><\/b><span class=\"citation-217 citation-end-217\"> 7 mm <\/span>\n<div class=\"source-inline-chip-container ng-star-inserted\"><\/div>\n<\/li>\n<li><b><span class=\"citation-216\">Largeur:<\/span><\/b><span class=\"citation-216 citation-end-216\"> 6.5&#8243; (165 mm) <\/span>\n<div class=\"source-inline-chip-container ng-star-inserted\"><\/div>\n<\/li>\n<li><b><span class=\"citation-215\">Longueur:<\/span><\/b><span class=\"citation-215 citation-end-215\"> Longueurs al\u00e9atoires jusqu'\u00e0 48 po <\/span>\n<div class=\"source-inline-chip-container ng-star-inserted\"><\/div>\n<\/li>\n<li><b><span class=\"citation-214\">Construction:<\/span><\/b><span class=\"citation-214 citation-end-214\"> Couche de bois franc v\u00e9ritable <\/span><span class=\"citation-213 citation-end-213\">sur un noyau SPC <\/span>\n<div class=\"source-inline-chip-container ng-star-inserted\"><\/div>\n<div class=\"source-inline-chip-container ng-star-inserted\"><\/div>\n<div class=\"source-inline-chip-container ng-star-inserted\"><\/div>\n<\/li>\n<li><b><span class=\"citation-212\">Finition:<\/span><\/b><span class=\"citation-212 citation-end-212\"> Fini UV r\u00e9sistant \u00e0 l'eau AquaREPEL\u00ae <\/span>\n<div class=\"source-inline-chip-container ng-star-inserted\"><\/div>\n<div class=\"source-inline-chip-container ng-star-inserted\"><\/div>\n<div class=\"source-inline-chip-container ng-star-inserted\"><\/div>\n<\/li>\n<li><b><span class=\"citation-211\">R\u00e9sistance aux \u00e9gratignures :<\/span><\/b><span class=\"citation-211 citation-end-211\"> DiamondGard\u00ae Anti-\u00e9gratignures <\/span>\n<div class=\"source-inline-chip-container ng-star-inserted\"><\/div>\n<div class=\"source-inline-chip-container ng-star-inserted\"><\/div>\n<\/li>\n<li><b><span class=\"citation-210\">Installation:<\/span><\/b><span class=\"citation-210 citation-end-210\"> 5G Press-Fit System <\/span>\n<div class=\"source-inline-chip-container ng-star-inserted\"><\/div>\n<div class=\"source-inline-chip-container ng-star-inserted\"><\/div>\n<\/li>\n<li><b><span class=\"citation-209\">Sous-couche :<\/span><\/b><span class=\"citation-209 citation-end-209\"> Membrane IXPE anti-microbienne int\u00e9gr\u00e9e <\/span>\n<div class=\"source-inline-chip-container ng-star-inserted\"><\/div>\n<div class=\"source-inline-chip-container ng-star-inserted\"><\/div>\n<\/li>\n<li><b><span class=\"citation-208\">Garantie:<\/span><\/b><span class=\"citation-208 citation-end-208\"> \u00c0 vie r\u00e9sidentiel, <\/span><span class=\"citation-207 citation-end-207\">5 ans commercial l\u00e9ger <\/span>\n<div class=\"source-inline-chip-container ng-star-inserted\"><\/div>\n<div class=\"source-inline-chip-container ng-star-inserted\"><\/div>\n<div class=\"source-inline-chip-container ng-star-inserted\"><\/div>\n<\/li>\n<li><b><span class=\"citation-206\">Emballage :<\/span><\/b><span class=\"citation-206 citation-end-206\"> 21,80 pi\u00b2 par bo\u00eete <\/span>\n<div class=\"source-inline-chip-container ng-star-inserted\"><\/div>\n<\/li>\n<\/ul>\n<hr \/>\n<p>&nbsp;<\/p>\n<h4><b>Caract\u00e9ristiques et avantages<\/b><\/h4>\n<p>&nbsp;<\/p>\n<p><b>La beaut\u00e9 authentique du bois v\u00e9ritable<\/b> <span class=\"citation-205 citation-end-205\">Contrairement au vinyle ou au lamin\u00e9, la collection ENDURA est dot\u00e9e d'une couche sup\u00e9rieure en bois franc v\u00e9ritable<\/span>. <span class=\"citation-204 citation-end-204\">Vous pouvez voir et sentir le grain naturel et le caract\u00e8re unique du vrai ch\u00eane, \u00e9rable ou hickory, apportant une chaleur et une valeur in\u00e9gal\u00e9es \u00e0 votre espace.<\/span>.<\/p>\n<div class=\"source-inline-chip-container ng-star-inserted\"><\/div>\n<div class=\"source-inline-chip-container ng-star-inserted\"><\/div>\n<div class=\"source-inline-chip-container ng-star-inserted\"><\/div>\n<p><b>La performance in\u00e9gal\u00e9e d'un noyau hydrofuge<\/b> <span class=\"citation-203 citation-end-203\">Au c\u0153ur du produit se trouve un noyau rigide en SPC, rendant le plancher exceptionnellement stable et 100 % imperm\u00e9able.<\/span>. <span class=\"citation-202 citation-end-202\">La surface est prot\u00e9g\u00e9e par un fini UV r\u00e9sistant \u00e0 l'eau AquaREPEL\u00ae,<\/span>vous donnant la libert\u00e9 d'installer du vrai bois dans n'importe quelle pi\u00e8ce, y compris les cuisines, les sous-sols et les salles de bain.<\/p>\n<div class=\"source-inline-chip-container ng-star-inserted\"><\/div>\n<div class=\"source-inline-chip-container ng-star-inserted\"><\/div>\n<div class=\"source-inline-chip-container ng-star-inserted\"><\/div>\n<div class=\"source-inline-chip-container ng-star-inserted\"><\/div>\n<div class=\"source-inline-chip-container ng-star-inserted\"><\/div>\n<p><b>R\u00e9sistance aux \u00e9gratignures DiamondGard\u00ae<\/b> <span class=\"citation-201 citation-end-201\">Le fini anti-\u00e9gratignures avanc\u00e9 DiamondGard\u00ae offre une protection sup\u00e9rieure contre les rigueurs de la vie quotidienne.<\/span>Cela rend la collection ENDURA parfaite pour les animaux de compagnie et les familles actives, assurant que la beaut\u00e9 de votre plancher perdure.<\/p>\n<div class=\"source-inline-chip-container ng-star-inserted\"><\/div>\n<div class=\"source-inline-chip-container ng-star-inserted\"><\/div>\n<p><b>Installation facile et confort int\u00e9gr\u00e9<\/b> <span class=\"citation-200 citation-end-200\">L'installation est simple et rapide gr\u00e2ce au syst\u00e8me \u00ab Press-Fit \u00bb 5G, leader de l'industrie<\/span>. <span class=\"citation-199 citation-end-199\">Chaque planche est \u00e9galement munie d'une membrane IXPE anti-microbienne int\u00e9gr\u00e9e, <\/span><span class=\"citation-198 citation-end-198\">qui offre un confort accru sous les pieds, r\u00e9duit la transmission du son et permet une installation directement sur le b\u00e9ton<\/span>.<\/p>\n<div class=\"source-inline-chip-container ng-star-inserted\"><\/div>\n<div class=\"source-inline-chip-container ng-star-inserted\"><\/div>\n<div class=\"source-inline-chip-container ng-star-inserted\"><\/div>\n<div class=\"source-inline-chip-container ng-star-inserted\"><\/div>\n<div class=\"source-inline-chip-container ng-star-inserted\"><\/div>\n<p><b>Une fondation saine pour votre demeure<\/b> Le bien-\u00eatre de votre famille est primordial. <span class=\"citation-197\">La collection ENDURA KRS-SERIES est <\/span><b><span class=\"citation-197\">Certifi\u00e9 FloorScore\u00ae<\/span><\/b><span class=\"citation-197 citation-end-197\"> pour ses faibles \u00e9missions de COV <\/span><span class=\"citation-196 citation-end-196\">, et sa membrane int\u00e9gr\u00e9e est anti-microbienne, contribuant \u00e0 un environnement int\u00e9rieur plus sain<\/span>, contributing to a healthier indoor environment.<\/p>\n<div class=\"source-inline-chip-container ng-star-inserted\"><\/div>\n<div class=\"source-inline-chip-container ng-star-inserted\"><\/div>\n<div class=\"source-inline-chip-container ng-star-inserted\"><\/div>\n<p><b>Pr\u00eat \u00e0 d\u00e9couvrir le vrai bois sans compromis?<\/b> Contactez-nous pour une consultation priv\u00e9e \u00e0 notre salle de montre de Boisbriand ou commandez un \u00e9chantillon pour sentir la diff\u00e9rence ENDURA.<\/p>","protected":false},"excerpt":{"rendered":"<p class=\"translation-block\">D\u00e9couvrez le meilleur des deux mondes avec la collection ENDURA KRS-SERIES de Power Dekor, un bois d'ing\u00e9nierie imperm\u00e9able r\u00e9volutionnaire. Cette collection est dot\u00e9e d'une v\u00e9ritable couche de bois franc sur un noyau SPC, offrant la beaut\u00e9 authentique du bois avec une performance sans compromis. Prot\u00e9g\u00e9e par un fini anti-\u00e9gratignures DiamondGard\u00ae et munie d'une membrane anti-microbienne int\u00e9gr\u00e9e, c'est la solution id\u00e9ale pour allier style et durabilit\u00e9.<\/p>","protected":false},"featured_media":760,"comment_status":"open","ping_status":"closed","template":"","meta":{"_coblocks_attr":"","_coblocks_dimensions":"","_coblocks_responsive_height":"","_coblocks_accordion_ie_support":"","_kadence_starter_templates_imported_post":false,"_kad_post_transparent":"default","_kad_post_title":"","_kad_post_layout":"default","_kad_post_sidebar_id":"","_kad_post_content_style":"default","_kad_post_vertical_padding":"default","_kad_post_feature":"","_kad_post_feature_position":"","_kad_post_header":false,"_kad_post_footer":false,"_kad_post_classname":""},"product_brand":[],"product_cat":[44,41],"product_tag":[58,82],"class_list":{"0":"post-759","1":"product","2":"type-product","3":"status-publish","4":"has-post-thumbnail","6":"product_cat-engineered-flooring","7":"product_cat-vinyl-flooring","8":"product_tag-chene-blanc-white-oak","9":"product_tag-power-dekor","10":"pa_collection-endura-krs","11":"pa_species-chene-blanc-white-oak","12":"pa_supplier-power-dekor","14":"first","15":"instock","16":"shipping-taxable","17":"product-type-simple","18":"entry","19":"content-bg","20":"loop-entry"},"_links":{"self":[{"href":"https:\/\/divisionplancher.com\/fr\/wp-json\/wp\/v2\/product\/759","targetHints":{"allow":["GET"]}}],"collection":[{"href":"https:\/\/divisionplancher.com\/fr\/wp-json\/wp\/v2\/product"}],"about":[{"href":"https:\/\/divisionplancher.com\/fr\/wp-json\/wp\/v2\/types\/product"}],"replies":[{"embeddable":true,"href":"https:\/\/divisionplancher.com\/fr\/wp-json\/wp\/v2\/comments?post=759"}],"wp:featuredmedia":[{"embeddable":true,"href":"https:\/\/divisionplancher.com\/fr\/wp-json\/wp\/v2\/media\/760"}],"wp:attachment":[{"href":"https:\/\/divisionplancher.com\/fr\/wp-json\/wp\/v2\/media?parent=759"}],"wp:term":[{"taxonomy":"product_brand","embeddable":true,"href":"https:\/\/divisionplancher.com\/fr\/wp-json\/wp\/v2\/product_brand?post=759"},{"taxonomy":"product_cat","embeddable":true,"href":"https:\/\/divisionplancher.com\/fr\/wp-json\/wp\/v2\/product_cat?post=759"},{"taxonomy":"product_tag","embeddable":true,"href":"https:\/\/divisionplancher.com\/fr\/wp-json\/wp\/v2\/product_tag?post=759"}],"curies":[{"name":"wp","href":"https:\/\/api.w.org\/{rel}","templated":true}]}}