{"id":715,"date":"2025-10-10T18:22:43","date_gmt":"2025-10-10T18:22:43","guid":{"rendered":"https:\/\/divisionplancher.com\/?post_type=product&#038;p=715"},"modified":"2025-10-10T18:23:44","modified_gmt":"2025-10-10T18:23:44","slug":"kw299l","status":"publish","type":"product","link":"https:\/\/divisionplancher.com\/fr\/produit\/kw299l\/","title":{"rendered":"KW299L"},"content":{"rendered":"<h3><b>Collection Liberty de Tapis Beaver : Le summum du style et de la simplicit\u00e9<\/b><\/h3>\n<p>&nbsp;<\/p>\n<p class=\"translation-block\">D\u00e9couvrez la libert\u00e9 d'un plancher impeccable avec la collection Loose Lay Liberty de Tapis Beaver. Cette collection novatrice offre le meilleur des deux mondes : la beaut\u00e9 intemporelle des planches de bois et l'\u00e9l\u00e9gance sophistiqu\u00e9e des tuiles de c\u00e9ramique modernes. Con\u00e7ue pour une simplicit\u00e9 et une performance ultimes, la collection Liberty est une solution 100 % hydrofuge qui vous permet de transformer n'importe quel espace avec rapidit\u00e9, facilit\u00e9 et confiance.<\/p>\n<div class=\"source-inline-chip-container ng-star-inserted\"><\/div>\n<div class=\"source-inline-chip-container ng-star-inserted\"><\/div>\n<div class=\"source-inline-chip-container ng-star-inserted\"><\/div>\n<div class=\"source-inline-chip-container ng-star-inserted\"><\/div>\n<p>&nbsp;<\/p>\n<h4><b>Caract\u00e9ristiques techniques :<\/b><\/h4>\n<p>&nbsp;<\/p>\n<ul>\n<li><b><span class=\"citation-62\">Collection:<\/span><\/b><span class=\"citation-62 citation-end-62\"> LIBERTY Loose Lay LVT <\/span>\n<div class=\"source-inline-chip-container ng-star-inserted\"><\/div>\n<\/li>\n<li><b><span class=\"citation-61\">Usage:<\/span><\/b><span class=\"citation-61 citation-end-61\"> (\/b)Usage(b): R\u00e9sidentielle &amp; Commercial l\u00e9ger <\/span>\n<div class=\"source-inline-chip-container ng-star-inserted\"><\/div>\n<\/li>\n<li><b><span class=\"citation-60\">\u00c9paisseur Totale<\/span><\/b><span class=\"citation-60 citation-end-60\"> \u00c9paisseur totale 5mm <\/span>\n<div class=\"source-inline-chip-container ng-star-inserted\"><\/div>\n<\/li>\n<li><b><span class=\"citation-59\">Construction:<\/span><\/b><span class=\"citation-59 citation-end-59\"> 4.5mm Core Loose Lay avec 0.5mm couche d'usure <\/span>\n<div class=\"source-inline-chip-container ng-star-inserted\"><\/div>\n<\/li>\n<li><b><span class=\"citation-58\">Couche d'Usure<\/span><\/b><span class=\"citation-58 citation-end-58\"> 0.5mm Avec une curation UV <\/span>\n<div class=\"source-inline-chip-container ng-star-inserted\"><\/div>\n<\/li>\n<li><b>Taille disponible:<\/b>\n<ul>\n<li><span class=\"citation-57 citation-end-57\">Planchettes: 9\u2033 x 48\u2033 <\/span>\n<div class=\"source-inline-chip-container ng-star-inserted\"><\/div>\n<\/li>\n<li><span class=\"citation-56 citation-end-56\">Tuiles: 18\u2033 x 36\u2033 <\/span>\n<div class=\"source-inline-chip-container ng-star-inserted\"><\/div>\n<\/li>\n<\/ul>\n<\/li>\n<li><b><span class=\"citation-55\">Installation:<\/span><\/b><span class=\"citation-55 citation-end-55\"> Syst\u00e8me Loose Lay <\/span>\n<div class=\"source-inline-chip-container ng-star-inserted\"><\/div>\n<\/li>\n<li><b><span class=\"citation-54\">Waterproof:<\/span><\/b><span class=\"citation-54 citation-end-54\"> 100% Imperm\u00e9able <\/span>\n<div class=\"source-inline-chip-container ng-star-inserted\"><\/div>\n<div class=\"source-inline-chip-container ng-star-inserted\"><\/div>\n<\/li>\n<li><b><span class=\"citation-53\">Garantie:<\/span><\/b><span class=\"citation-53 citation-end-53\"> 25 ans r\u00e9sidentielle \/ 5 ans commercial l\u00e9ger <\/span>\n<div class=\"source-inline-chip-container ng-star-inserted\"><\/div>\n<\/li>\n<\/ul>\n<hr \/>\n<p>&nbsp;<\/p>\n<h4><b>Caract\u00e9ristiques et avantages<\/b><\/h4>\n<p>&nbsp;<\/p>\n<p><b>La libert\u00e9 de l'installation Loose Lay<\/b> <span class=\"citation-52 citation-end-52\">D\u00e9couvrez la simplicit\u00e9 r\u00e9volutionnaire de l'installation \u00ab Loose Lay \u00bb.<\/span>Sans syst\u00e8me d'ancrage ni adh\u00e9sif, les planches et les tuiles tiennent en place par friction et par leur propre poids. <span class=\"citation-51 citation-end-51\">Cela rend l'installation incroyablement rapide, facilite les r\u00e9parations et convient parfaitement \u00e0 tous les niveaux de votre r\u00e9sidence ou de votre commerce.<\/span>.<\/p>\n<div class=\"source-inline-chip-container ng-star-inserted\"><\/div>\n<div class=\"source-inline-chip-container ng-star-inserted\"><\/div>\n<p><b>Durabilit\u00e9 et performance sans compromis<\/b> La collection Liberty est con\u00e7ue pour performer. <span class=\"citation-50 citation-end-50\">Sa construction robuste de 5 mm est dot\u00e9e d'une solide couche d'usure de 0,5 mm, offrant une excellente protection pour un usage r\u00e9sidentiel et commercial l\u00e9ger.<\/span>. <span class=\"citation-49 citation-end-49\">\u00c9tant 100 % hydrofuge, c'est une solution sans souci pour les cuisines, les sous-sols et les salles de bain.<\/span>. <span class=\"citation-48 citation-end-48\">De plus, son noyau haute densit\u00e9 est dimensionnellement stable \u00e0 des temp\u00e9ratures allant de -20\u00b0C \u00e0 +60\u00b0C et peut \u00eatre install\u00e9 sur de grandes surfaces allant jusqu'\u00e0 32,8 pi. li. sans moulure de transition.<\/span>.<\/p>\n<div class=\"source-inline-chip-container ng-star-inserted\"><\/div>\n<div class=\"source-inline-chip-container ng-star-inserted\"><\/div>\n<div class=\"source-inline-chip-container ng-star-inserted\"><\/div>\n<div class=\"source-inline-chip-container ng-star-inserted\"><\/div>\n<p><b>Un choix sain et s\u00e9curitaire pour votre espace<\/b> Votre bien-\u00eatre est primordial. <span class=\"citation-47\">La collection Liberty est <\/span><b><span class=\"citation-47\">Certifi\u00e9 FloorScore\u00ae<\/span><\/b><span class=\"citation-47\">, <\/span><b><span class=\"citation-47\">Sans Phthalate<\/span><\/b><span class=\"citation-47\">, Et <\/span><b><span class=\"citation-47\">sans formald\u00e9hyde<\/span><\/b><span class=\"citation-47 citation-end-47\">, assurant ainsi qu'elle respecte les normes les plus strictes en mati\u00e8re de qualit\u00e9 de l'air int\u00e9rieur.<\/span>. <span class=\"citation-46\">Avec une cote <\/span><b><span class=\"citation-46\">r\u00e9sistance au glissement de R10<\/span><\/b><span class=\"citation-46\"> et une classification <\/span><b><span class=\"citation-46\">de r\u00e9action au feu BFL-S1<\/span><\/b><span class=\"citation-46 citation-end-46\">c'est un choix qui procure la tranquillit\u00e9 d'esprit \u00e0 tous les niveaux.<\/span>.<\/p>\n<div class=\"source-inline-chip-container ng-star-inserted\"><\/div>\n<div class=\"source-inline-chip-container ng-star-inserted\"><\/div>\n<p><b>Un design polyvalent pour toutes les esth\u00e9tiques<\/b> <span class=\"citation-45 citation-end-45\">Avec deux formats distincts \u2014 de larges planches de 9 po x 48 po pour un aspect bois authentique et de grandes tuiles de 18 po x 36 po pour un style c\u00e9ramique moderne \u2014 la collection Liberty a un style pour chaque projet.<\/span>. <span class=\"citation-44 citation-end-44\">Le microbiseau sur chaque pi\u00e8ce ajoute une touche de d\u00e9finition et de r\u00e9alisme \u00e0 l'aspect final.<\/span>.<\/p>\n<div class=\"source-inline-chip-container ng-star-inserted\"><\/div>\n<p><b>Pr\u00eat \u00e0 d\u00e9couvrir la libert\u00e9 et le style de la collection Liberty Loose Lay?<\/b> Contactez-nous pour une consultation priv\u00e9e \u00e0 notre salle de montre de Boisbriand ou commandez un \u00e9chantillon pour constater la qualit\u00e9 par vous-m\u00eame.<\/p>","protected":false},"excerpt":{"rendered":"<p class=\"translation-block\">D\u00e9couvrez la libert\u00e9 de design de la collection Loose Lay Liberty de Tapis Beaver , offrant la polyvalence de planches de bois r\u00e9alistes (9 po x 48 po) et de tuiles modernes (18 po x 36 po). Ce plancher 100 % hydrofuge est dot\u00e9 d'une \u00e9paisseur robuste de 5 mm et d'une couche d'usure durable de 0,5 mm, ce qui en fait une solution id\u00e9ale et facile \u00e0 installer pour les espaces r\u00e9sidentiels et commerciaux l\u00e9gers.<\/p>","protected":false},"featured_media":716,"comment_status":"open","ping_status":"closed","template":"","meta":{"_coblocks_attr":"","_coblocks_dimensions":"","_coblocks_responsive_height":"","_coblocks_accordion_ie_support":"","_kadence_starter_templates_imported_post":false,"_kad_post_transparent":"default","_kad_post_title":"","_kad_post_layout":"default","_kad_post_sidebar_id":"","_kad_post_content_style":"default","_kad_post_vertical_padding":"default","_kad_post_feature":"","_kad_post_feature_position":"","_kad_post_header":false,"_kad_post_footer":false,"_kad_post_classname":""},"product_brand":[],"product_cat":[41],"product_tag":[78],"class_list":{"0":"post-715","1":"product","2":"type-product","3":"status-publish","4":"has-post-thumbnail","6":"product_cat-vinyl-flooring","7":"product_tag-tapis-beaver","8":"pa_collection-liberty-loose-lay","9":"pa_species-vinyl","10":"pa_supplier-tapis-beaver","12":"first","13":"instock","14":"shipping-taxable","15":"product-type-simple","16":"entry","17":"content-bg","18":"loop-entry"},"_links":{"self":[{"href":"https:\/\/divisionplancher.com\/fr\/wp-json\/wp\/v2\/product\/715","targetHints":{"allow":["GET"]}}],"collection":[{"href":"https:\/\/divisionplancher.com\/fr\/wp-json\/wp\/v2\/product"}],"about":[{"href":"https:\/\/divisionplancher.com\/fr\/wp-json\/wp\/v2\/types\/product"}],"replies":[{"embeddable":true,"href":"https:\/\/divisionplancher.com\/fr\/wp-json\/wp\/v2\/comments?post=715"}],"wp:featuredmedia":[{"embeddable":true,"href":"https:\/\/divisionplancher.com\/fr\/wp-json\/wp\/v2\/media\/716"}],"wp:attachment":[{"href":"https:\/\/divisionplancher.com\/fr\/wp-json\/wp\/v2\/media?parent=715"}],"wp:term":[{"taxonomy":"product_brand","embeddable":true,"href":"https:\/\/divisionplancher.com\/fr\/wp-json\/wp\/v2\/product_brand?post=715"},{"taxonomy":"product_cat","embeddable":true,"href":"https:\/\/divisionplancher.com\/fr\/wp-json\/wp\/v2\/product_cat?post=715"},{"taxonomy":"product_tag","embeddable":true,"href":"https:\/\/divisionplancher.com\/fr\/wp-json\/wp\/v2\/product_tag?post=715"}],"curies":[{"name":"wp","href":"https:\/\/api.w.org\/{rel}","templated":true}]}}