{"id":1174,"date":"2026-01-23T18:41:37","date_gmt":"2026-01-23T18:41:37","guid":{"rendered":"https:\/\/divisionplancher.com\/?post_type=product&#038;p=1174"},"modified":"2026-01-23T18:43:10","modified_gmt":"2026-01-23T18:43:10","slug":"red-oak-barrel","status":"publish","type":"product","link":"https:\/\/divisionplancher.com\/fr\/produit\/red-oak-barrel\/","title":{"rendered":"Red Oak &#8211; Barrel"},"content":{"rendered":"<h2 data-path-to-node=\"0\">Plancher Lauzon Expert: Ch\u00eane Rouge<\/h2>\n<h3 data-path-to-node=\"1\"><\/h3>\n<p data-path-to-node=\"2\"><b data-path-to-node=\"2\" data-index-in-node=\"0\">Ch\u00eane rouge Lauzon Expert : Le standard intemporel de l'\u00e9l\u00e9gance canadienne<\/b><\/p>\n<p data-path-to-node=\"3\"><span data-path-to-node=\"3,0\">Red\u00e9finissez votre espace avec la chaleur classique et la durabilit\u00e9 l\u00e9gendaire du plancher de bois franc en ch\u00eane rouge de Lauzon. <\/span><span data-path-to-node=\"3,2\"><span class=\"citation-634\">Fi\u00e8rement r\u00e9colt\u00e9e, con\u00e7ue et fabriqu\u00e9e au Qu\u00e9bec<\/span><\/span><span data-path-to-node=\"3,4\">cette collection \u00e9tablit la r\u00e9f\u00e9rence de l'industrie en mati\u00e8re de force et de style. Reconnu pour ses motifs de grain distinctifs et sa texture riche, le ch\u00eane rouge est un choix polyvalent qui compl\u00e8te les int\u00e9rieurs traditionnels et contemporains tout en offrant une surface qui vieillit magnifiquement.<\/span><\/p>\n<div class=\"source-inline-chip-container ng-star-inserted\"><\/div>\n<div class=\"source-inline-chip-container ng-star-inserted\"><\/div>\n<p data-path-to-node=\"4\"><b data-path-to-node=\"4\" data-index-in-node=\"0\">Sp\u00e9cifications du produit :<\/b><\/p>\n<ul data-path-to-node=\"5\">\n<li>\n<p data-path-to-node=\"5,0,1\"><span data-path-to-node=\"5,0,1,0\"><b data-path-to-node=\"5,0,1,0\" data-index-in-node=\"0\"><span class=\"citation-633\">Fournisseur:<\/span><\/b><span class=\"citation-633\"> Plancher Lauzon (Gamme Expert, fabriqu\u00e9 au Qu\u00e9bec, Canada) <\/span><\/span><\/p>\n<div class=\"source-inline-chip-container ng-star-inserted\"><\/div>\n<div class=\"source-inline-chip-container ng-star-inserted\"><\/div>\n<\/li>\n<li>\n<p data-path-to-node=\"5,1,1\"><span data-path-to-node=\"5,1,1,0\"><b data-path-to-node=\"5,1,1,0\" data-index-in-node=\"0\"><span class=\"citation-632\">Essence de bois:<\/span><\/b><span class=\"citation-632\"> Ch\u00eane rouge (Le standard de l'industrie avec une duret\u00e9 moyenne de 1 290 lb) <\/span><\/span><\/p>\n<div class=\"source-inline-chip-container ng-star-inserted\"><\/div>\n<div class=\"source-inline-chip-container ng-star-inserted\"><\/div>\n<\/li>\n<li>\n<p data-path-to-node=\"5,2,1\"><span data-path-to-node=\"5,2,1,0\"><b data-path-to-node=\"5,2,1,0\" data-index-in-node=\"0\"><span class=\"citation-631\">Constructions disponibles:<\/span><\/b><span class=\"citation-631\"> * <\/span><b data-path-to-node=\"5,2,1,0\" data-index-in-node=\"27\"><span class=\"citation-631\">Massif:<\/span><\/b><span class=\"citation-631\"> paisseur de 3\/4\" pour une durabilit\u00e9 classique aux \u00e9tages principaux et sup\u00e9rieurs<\/span><\/span><span data-path-to-node=\"5,2,1,2\">.<\/span><\/p>\n<div class=\"source-inline-chip-container ng-star-inserted\"><\/div>\n<div class=\"source-inline-chip-container ng-star-inserted\"><\/div>\n<ul data-path-to-node=\"5,2,2\">\n<li>\n<p data-path-to-node=\"5,2,2,0,1\"><span data-path-to-node=\"5,2,2,0,1,0\"><b data-path-to-node=\"5,2,2,0,1,0\" data-index-in-node=\"0\"><span class=\"citation-630\">Ing\u00e9nierie 2 plis massif:<\/span><\/b><span class=\"citation-630\"> \u00c9paisseur totale de 3\/4\" avec une couche d'usure de 3\/16\" (5,2 mm) en bois massif sci\u00e9 \u00e0 sec<\/span><\/span><span data-path-to-node=\"5,2,2,0,1,2\">. <\/span><span data-path-to-node=\"5,2,2,0,1,4\"><span class=\"citation-629\">Dot\u00e9 d'une \u00e2me de lamelles de bois SPF canadien pour une stabilit\u00e9 sup\u00e9rieure \u00e0 tous les niveaux, incluant le sous-sol<\/span><\/span><span data-path-to-node=\"5,2,2,0,1,6\">.<\/span><\/p>\n<div class=\"source-inline-chip-container ng-star-inserted\"><\/div>\n<\/li>\n<\/ul>\n<\/li>\n<li>\n<p data-path-to-node=\"5,3,1\"><span data-path-to-node=\"5,3,1,0\"><b data-path-to-node=\"5,3,1,0\" data-index-in-node=\"0\"><span class=\"citation-628\">Available Grades:<\/span><\/b><span class=\"citation-628\"> * <\/span><b data-path-to-node=\"5,3,1,0\" data-index-in-node=\"20\"><span class=\"citation-628\">Select &amp; Meilleur:<\/span><\/b><span class=\"citation-628\"> Un look distingu\u00e9 et uniforme avec de subtiles variations de couleurs<\/span><\/span><span data-path-to-node=\"5,3,1,2\">.<\/span><\/p>\n<div class=\"source-inline-chip-container ng-star-inserted\"><\/div>\n<div class=\"source-inline-chip-container ng-star-inserted\"><\/div>\n<div class=\"source-inline-chip-container ng-star-inserted\"><\/div>\n<ul data-path-to-node=\"5,3,2\">\n<li>\n<p data-path-to-node=\"5,3,2,0,1\"><span data-path-to-node=\"5,3,2,0,1,0\"><b data-path-to-node=\"5,3,2,0,1,0\" data-index-in-node=\"0\"><span class=\"citation-627\">Tradition:<\/span><\/b><span class=\"citation-627\"> Pr\u00e9sente des variations de couleurs mod\u00e9r\u00e9es \u00e0 prononc\u00e9es et des caract\u00e9ristiques naturelles comme des n\u0153uds sains<\/span><\/span><span data-path-to-node=\"5,3,2,0,1,2\">.<\/span><\/p>\n<div class=\"source-inline-chip-container ng-star-inserted\"><\/div>\n<div class=\"source-inline-chip-container ng-star-inserted\"><\/div>\n<\/li>\n<li>\n<p data-path-to-node=\"5,3,2,1,1\"><span data-path-to-node=\"5,3,2,1,1,0\"><b data-path-to-node=\"5,3,2,1,1,0\" data-index-in-node=\"0\"><span class=\"citation-626\">Caract\u00e8re:<\/span><\/b><span class=\"citation-626\"> Affiche toute la personnalit\u00e9 du bois, incluant des coul\u00e9es min\u00e9rales et des n\u0153uds remplis<\/span><\/span><span data-path-to-node=\"5,3,2,1,1,2\">.<\/span><\/p>\n<div class=\"source-inline-chip-container ng-star-inserted\"><\/div>\n<div class=\"source-inline-chip-container ng-star-inserted\"><\/div>\n<\/li>\n<\/ul>\n<\/li>\n<li>\n<p data-path-to-node=\"5,4,1\"><span data-path-to-node=\"5,4,1,0\"><b data-path-to-node=\"5,4,1,0\" data-index-in-node=\"0\"><span class=\"citation-625\">Largeurs disponibles:<\/span><\/b><span class=\"citation-625\"> * <\/span><b data-path-to-node=\"5,4,1,0\" data-index-in-node=\"20\"><span class=\"citation-625\">Massif:<\/span><\/b><span class=\"citation-625\"> 2 1\/4\", 3 1\/4\" et 4 1\/4\"<\/span><\/span><span data-path-to-node=\"5,4,1,2\">.<\/span><\/p>\n<div class=\"source-inline-chip-container ng-star-inserted\"><\/div>\n<ul data-path-to-node=\"5,4,2\">\n<li>\n<p data-path-to-node=\"5,4,2,0,1\"><span data-path-to-node=\"5,4,2,0,1,0\"><b data-path-to-node=\"5,4,2,0,1,0\" data-index-in-node=\"0\"><span class=\"citation-624\">Ing\u00e9nierie :<\/span><\/b><span class=\"citation-624\"> 3 1\/8\", 4 1\/8\" et 5 3\/16\"<\/span><\/span><span data-path-to-node=\"5,4,2,0,1,2\">.<\/span><\/p>\n<div class=\"source-inline-chip-container ng-star-inserted\"><\/div>\n<\/li>\n<\/ul>\n<\/li>\n<li>\n<p data-path-to-node=\"5,5,1\"><span data-path-to-node=\"5,5,1,0\"><b data-path-to-node=\"5,5,1,0\" data-index-in-node=\"0\"><span class=\"citation-623\">Fini et texture :<\/span><\/b><span class=\"citation-623\"> Disponible en textures lisse ou bross\u00e9e <\/span><\/span><span data-path-to-node=\"5,5,1,3\"><span class=\"citation-622\">avec la protection haute performance Alumina.<\/span><\/span><span data-path-to-node=\"5,5,1,5\">.<\/span><\/p>\n<div class=\"source-inline-chip-container ng-star-inserted\"><\/div>\n<div class=\"source-inline-chip-container ng-star-inserted\"><\/div>\n<\/li>\n<li>\n<p data-path-to-node=\"5,6,1\"><span data-path-to-node=\"5,6,1,0\"><b data-path-to-node=\"5,6,1,0\" data-index-in-node=\"0\"><span class=\"citation-621\">Options de Lustre:<\/span><\/b><span class=\"citation-621\"> Ultra-mat (10 %), Mat (20 %) ou Semi-lustre (45 %)<\/span><\/span><span data-path-to-node=\"5,6,1,2\">.<\/span><\/p>\n<div class=\"source-inline-chip-container ng-star-inserted\"><\/div>\n<div class=\"source-inline-chip-container ng-star-inserted\"><\/div>\n<\/li>\n<\/ul>\n<p data-path-to-node=\"6\"><b data-path-to-node=\"6\" data-index-in-node=\"0\">Une polyvalence in\u00e9gal\u00e9e pour chaque niveau<\/b><\/p>\n<p data-path-to-node=\"7\"><span data-path-to-node=\"7,0\">Que vous choisissiez la construction <b data-path-to-node=\"7,0\" data-index-in-node=\"36\">massif<\/b> traditionnelle ou la plateforme avanc\u00e9e <b data-path-to-node=\"7,0\" data-index-in-node=\"71\">d'Ing\u00e9nierie 2 plis massif<\/b> e ch\u00eane rouge Lauzon Expert est con\u00e7u pour performer. <\/span><span data-path-to-node=\"7,2\"><span class=\"citation-620\">Notre option d'ing\u00e9nierie est sp\u00e9cifiquement con\u00e7ue pour mieux g\u00e9rer les changements environnementaux, ce qui la rend compatible avec les syst\u00e8mes de chauffage radiant et id\u00e9ale <\/span><\/span><span data-path-to-node=\"7,5\"><span class=\"citation-619\">pour une installation au sous-sol<\/span><\/span><span data-path-to-node=\"7,7\">.<\/span><\/p>\n<div class=\"source-inline-chip-container ng-star-inserted\"><\/div>\n<div class=\"source-inline-chip-container ng-star-inserted\"><\/div>\n<p data-path-to-node=\"8\"><b data-path-to-node=\"8\" data-index-in-node=\"0\">Protection sup\u00e9rieure et qualit\u00e9 de l'air<\/b><\/p>\n<p data-path-to-node=\"9\"><span data-path-to-node=\"9,1\"><span class=\"citation-618\">Chaque plancher est prot\u00e9g\u00e9 par le syst\u00e8me Alumina de Lauzon, qui suspend de l'oxyde d'aluminium dans un polyur\u00e9thane durci aux UV pour une r\u00e9sistance sup\u00e9rieure \u00e0 l'usure et aux taches<\/span><\/span><span data-path-to-node=\"9,3\">. <\/span><span data-path-to-node=\"9,5\"><span class=\"citation-617\">Ce fini inclut la <\/span><b data-path-to-node=\"9,5\" data-index-in-node=\"21\"><span class=\"citation-617\">protection antibact\u00e9rienne PermaClean<\/span><\/b><span class=\"citation-617\"> pour maintenir un environnement plus sain<\/span><\/span><span data-path-to-node=\"9,7\">. <\/span><span data-path-to-node=\"9,9\"><span class=\"citation-616\">Engag\u00e9 envers la sant\u00e9 de votre famille, notre ch\u00eane rouge est fabriqu\u00e9 sans formald\u00e9hyde ajout\u00e9 et est conforme aux normes CARB Phase II<\/span><\/span><span data-path-to-node=\"9,11\">.<\/span><\/p>","protected":false},"excerpt":{"rendered":"<p><span data-path-to-node=\"12,1\"><span class=\"citation-615\">Adoptez la beaut\u00e9 classique et la force durable du ch\u00eane rouge Lauzon Expert, la r\u00e9f\u00e9rence absolue du bois franc fabriqu\u00e9 au Qu\u00e9bec<\/span><\/span><span data-path-to-node=\"12,3\">. <\/span><span data-path-to-node=\"12,5\"><span class=\"citation-614\">Disponible en constructions <\/span><b data-path-to-node=\"12,5\" data-index-in-node=\"18\"><span class=\"citation-614\">massif<\/span><\/b><span class=\"citation-614\"> et <\/span><b data-path-to-node=\"12,5\" data-index-in-node=\"28\"><span class=\"citation-614\">d'Ing\u00e9nierie 2 plis massif<\/span><\/b><span class=\"citation-614\"> cette collection offre une polyvalence exceptionnelle pour n'importe quelle pi\u00e8ce<\/span><\/span><span data-path-to-node=\"12,7\">. <\/span><span data-path-to-node=\"12,9\"><span class=\"citation-613\">Prot\u00e9g\u00e9 par un fini Alumina antibact\u00e9rien et offert dans une vari\u00e9t\u00e9 de grades allant de S\u00e9lect \u00e0 Caract\u00e8re<\/span><\/span><span data-path-to-node=\"12,11\">il constitue une fondation saine et durable qui c\u00e9l\u00e8bre l'esprit authentique du bois canadien.<\/span><\/p>","protected":false},"featured_media":1175,"comment_status":"open","ping_status":"closed","template":"","meta":{"_coblocks_attr":"","_coblocks_dimensions":"","_coblocks_responsive_height":"","_coblocks_accordion_ie_support":"","_kadence_starter_templates_imported_post":false,"_kad_post_transparent":"default","_kad_post_title":"","_kad_post_layout":"default","_kad_post_sidebar_id":"","_kad_post_content_style":"boxed","_kad_post_vertical_padding":"default","_kad_post_feature":"","_kad_post_feature_position":"","_kad_post_header":false,"_kad_post_footer":false,"_kad_post_classname":""},"product_brand":[],"product_cat":[44,39],"product_tag":[],"class_list":{"0":"post-1174","1":"product","2":"type-product","3":"status-publish","4":"has-post-thumbnail","6":"product_cat-engineered-flooring","7":"product_cat-hardwood-flooring","8":"pa_species-chene-rouge-red-oak","9":"pa_supplier-lauzon","11":"first","12":"instock","13":"shipping-taxable","14":"product-type-simple","15":"entry","16":"content-bg","17":"loop-entry"},"_links":{"self":[{"href":"https:\/\/divisionplancher.com\/fr\/wp-json\/wp\/v2\/product\/1174","targetHints":{"allow":["GET"]}}],"collection":[{"href":"https:\/\/divisionplancher.com\/fr\/wp-json\/wp\/v2\/product"}],"about":[{"href":"https:\/\/divisionplancher.com\/fr\/wp-json\/wp\/v2\/types\/product"}],"replies":[{"embeddable":true,"href":"https:\/\/divisionplancher.com\/fr\/wp-json\/wp\/v2\/comments?post=1174"}],"wp:featuredmedia":[{"embeddable":true,"href":"https:\/\/divisionplancher.com\/fr\/wp-json\/wp\/v2\/media\/1175"}],"wp:attachment":[{"href":"https:\/\/divisionplancher.com\/fr\/wp-json\/wp\/v2\/media?parent=1174"}],"wp:term":[{"taxonomy":"product_brand","embeddable":true,"href":"https:\/\/divisionplancher.com\/fr\/wp-json\/wp\/v2\/product_brand?post=1174"},{"taxonomy":"product_cat","embeddable":true,"href":"https:\/\/divisionplancher.com\/fr\/wp-json\/wp\/v2\/product_cat?post=1174"},{"taxonomy":"product_tag","embeddable":true,"href":"https:\/\/divisionplancher.com\/fr\/wp-json\/wp\/v2\/product_tag?post=1174"}],"curies":[{"name":"wp","href":"https:\/\/api.w.org\/{rel}","templated":true}]}}