{"id":1123,"date":"2026-01-23T17:17:37","date_gmt":"2026-01-23T17:17:37","guid":{"rendered":"https:\/\/divisionplancher.com\/?post_type=product&#038;p=1123"},"modified":"2026-01-23T18:24:45","modified_gmt":"2026-01-23T18:24:45","slug":"maple-cafe-au-lait","status":"publish","type":"product","link":"https:\/\/divisionplancher.com\/fr\/produit\/maple-cafe-au-lait\/","title":{"rendered":"Maple &#8211; Cafe au lait"},"content":{"rendered":"<p data-path-to-node=\"2\"><b data-path-to-node=\"2\" data-index-in-node=\"0\">\u00c9rable franc Lauzon Expert : Le summum de la force et de la sophistication<\/b><\/p>\n<p data-path-to-node=\"3\"><span data-path-to-node=\"3,0\">Rehaussez votre d\u00e9cor avec l'esth\u00e9tique \u00e9pur\u00e9e et moderne du plancher de bois franc en \u00e9rable franc de Lauzon. <\/span><span data-path-to-node=\"3,2\"><span class=\"citation-567\">Fi\u00e8rement r\u00e9colt\u00e9e, con\u00e7ue et fabriqu\u00e9e au Qu\u00e9bec<\/span><\/span><span data-path-to-node=\"3,4\">cette collection repr\u00e9sente la fusion id\u00e9ale entre la r\u00e9silience nordique et le design haut de gamme <\/span><span data-path-to-node=\"3,6\"><span class=\"citation-566\">L'\u00e9rable franc est r\u00e9put\u00e9 pour sa densit\u00e9 exceptionnelle \u2014 test\u00e9 12 % plus dur que le ch\u00eane rouge <\/span><\/span><span data-path-to-node=\"3,8\">ce qui en fait un choix de premier ordre pour les foyers actifs recherchant un plancher qui conserve sa beaut\u00e9 impeccable pour des g\u00e9n\u00e9rations.<\/span><\/p>\n<div class=\"source-inline-chip-container ng-star-inserted\"><\/div>\n<p data-path-to-node=\"4\"><b data-path-to-node=\"4\" data-index-in-node=\"0\">Sp\u00e9cifications du produit :<\/b><\/p>\n<ul data-path-to-node=\"5\">\n<li>\n<p data-path-to-node=\"5,0,1\"><span data-path-to-node=\"5,0,1,0\"><b data-path-to-node=\"5,0,1,0\" data-index-in-node=\"0\"><span class=\"citation-565\">Fournisseur:<\/span><\/b><span class=\"citation-565\"> Plancher Lauzon (Gamme Expert, fabriqu\u00e9 au Qu\u00e9bec, Canada) <\/span><\/span><\/p>\n<div class=\"source-inline-chip-container ng-star-inserted\"><\/div>\n<\/li>\n<li>\n<p data-path-to-node=\"5,1,1\"><span data-path-to-node=\"5,1,1,0\"><b data-path-to-node=\"5,1,1,0\" data-index-in-node=\"0\"><span class=\"citation-564\">Essence de bois:<\/span><\/b><span class=\"citation-564\"> \u00c9rable franc (Hautement durable avec une duret\u00e9 Janka de 1 450 lb) <\/span><\/span><\/p>\n<div class=\"source-inline-chip-container ng-star-inserted\"><\/div>\n<\/li>\n<li>\n<p data-path-to-node=\"5,2,1\"><span data-path-to-node=\"5,2,1,0\"><b data-path-to-node=\"5,2,1,0\" data-index-in-node=\"0\"><span class=\"citation-563\">Constructions disponibles:<\/span><\/b><span class=\"citation-563\"> * <\/span><b data-path-to-node=\"5,2,1,0\" data-index-in-node=\"27\"><span class=\"citation-563\">Massif:<\/span><\/b><span class=\"citation-563\"> \u00c9paisseur de 3\/4\" pour une long\u00e9vit\u00e9 traditionnelle<\/span><\/span><span data-path-to-node=\"5,2,1,2\">.<\/span><\/p>\n<p data-path-to-node=\"5,2,2,0,1\">\n<\/li>\n<li>\n<p data-path-to-node=\"5,2,2,0,1\"><span data-path-to-node=\"5,2,2,0,1,0\"><b data-path-to-node=\"5,2,2,0,1,0\" data-index-in-node=\"0\"><span class=\"citation-562\">Ing\u00e9nierie 2 plis massif:<\/span><\/b><span class=\"citation-562\"> Dot\u00e9 d'une couche d'usure de 3\/16\" (5,2 mm) en bois massif sci\u00e9 \u00e0 sec sur une \u00e2me de lamelles de bois SPF canadien, parfait pour des installations polyvalentes.<\/span><\/span><span data-path-to-node=\"5,2,2,0,1,2\">.<\/span><\/p>\n<div class=\"source-inline-chip-container ng-star-inserted\"><\/div>\n<div class=\"source-inline-chip-container ng-star-inserted\"><\/div>\n<\/li>\n<li>\n<p data-path-to-node=\"5,3,0\"><b data-path-to-node=\"5,3,0\" data-index-in-node=\"0\">Grades disponibles :<\/b><\/p>\n<ul data-path-to-node=\"5,3,1\">\n<li>\n<p data-path-to-node=\"5,3,1,0,1\"><span data-path-to-node=\"5,3,1,0,1,0\"><b data-path-to-node=\"5,3,1,0,1,0\" data-index-in-node=\"0\"><span class=\"citation-561\">Select &amp; Meilleur:<\/span><\/b><span class=\"citation-561\"> Un look distingu\u00e9 et uniforme avec de subtiles variations de couleurs<\/span><\/span><span data-path-to-node=\"5,3,1,0,1,2\">.<\/span><\/p>\n<div class=\"source-inline-chip-container ng-star-inserted\"><\/div>\n<div class=\"source-inline-chip-container ng-star-inserted\"><\/div>\n<\/li>\n<li>\n<p data-path-to-node=\"5,3,1,1,1\"><span data-path-to-node=\"5,3,1,1,1,0\"><b data-path-to-node=\"5,3,1,1,1,0\" data-index-in-node=\"0\"><span class=\"citation-560\">Tradition:<\/span><\/b><span class=\"citation-560\"> Pr\u00e9sente des nuances naturelles mod\u00e9r\u00e9es \u00e0 prononc\u00e9es et des caract\u00e9ristiques telles que des n\u0153uds sains<\/span><\/span><span data-path-to-node=\"5,3,1,1,1,2\">.<\/span><\/p>\n<div class=\"source-inline-chip-container ng-star-inserted\"><\/div>\n<\/li>\n<\/ul>\n<\/li>\n<li>\n<p data-path-to-node=\"5,4,1\"><span data-path-to-node=\"5,4,1,0\"><b data-path-to-node=\"5,4,1,0\" data-index-in-node=\"0\"><span class=\"citation-559\">Finition:<\/span><\/b><span class=\"citation-559\"> Texture lisse <\/span><\/span><span data-path-to-node=\"5,4,1,3\"><span class=\"citation-558\">avec la protection haute performance Alumina.<\/span><\/span><span data-path-to-node=\"5,4,1,5\">.<\/span><\/p>\n<div class=\"source-inline-chip-container ng-star-inserted\"><\/div>\n<div class=\"source-inline-chip-container ng-star-inserted\"><\/div>\n<\/li>\n<li>\n<p data-path-to-node=\"5,5,1\"><span data-path-to-node=\"5,5,1,0\"><b data-path-to-node=\"5,5,1,0\" data-index-in-node=\"0\"><span class=\"citation-557\">Options de Lustre:<\/span><\/b><span class=\"citation-557\"> Choisissez entre Ultra-mat (10 %), Mat (20 %) ou Semi-lustre (45 %)<\/span><\/span><span data-path-to-node=\"5,5,1,2\">.<\/span><\/p>\n<div class=\"source-inline-chip-container ng-star-inserted\"><\/div>\n<\/li>\n<\/ul>\n<p data-path-to-node=\"6\"><b data-path-to-node=\"6\" data-index-in-node=\"0\">Con\u00e7u pour la polyvalence et la durabilit\u00e9<\/b><\/p>\n<p data-path-to-node=\"7\"><span data-path-to-node=\"7,1\"><span class=\"citation-556\">Que vous pr\u00e9f\u00e9riez l'int\u00e9grit\u00e9 intemporelle du bois franc <\/span><b data-path-to-node=\"7,1\" data-index-in-node=\"45\"><span class=\"citation-556\">massif<\/span><\/b><span class=\"citation-556\"> pour vos \u00e9tages principaux et sup\u00e9rieurs <\/span><\/span><span data-path-to-node=\"7,4\"><span class=\"citation-555\">, ou la stabilit\u00e9 avanc\u00e9e de <\/span><b data-path-to-node=\"7,4\" data-index-in-node=\"29\"><span class=\"citation-555\">d'Ing\u00e9nierie 2 plis massif<\/span><\/b><span class=\"citation-555\"> pour tous les niveaux de votre maison \u2014 incluant le sous-sol <\/span><\/span><span data-path-to-node=\"7,6\">\u2014 Lauzon Expert r\u00e9pond \u00e0 vos besoins. <\/span><span data-path-to-node=\"7,8\"><span class=\"citation-554\">Notre plateforme d'ing\u00e9nierie est m\u00eame compatible avec les syst\u00e8mes de chauffage radiant<\/span><\/span><span data-path-to-node=\"7,10\">vous offrant la libert\u00e9 d'apporter la chaleur de l'\u00e9rable dans n'importe quelle pi\u00e8ce.<\/span><\/p>\n<div class=\"source-inline-chip-container ng-star-inserted\"><\/div>\n<p data-path-to-node=\"8\"><b data-path-to-node=\"8\" data-index-in-node=\"0\">Une maison plus saine avec PermaClean<\/b><\/p>\n<p data-path-to-node=\"9\"><span data-path-to-node=\"9,1\"><span class=\"citation-553\">Chaque planche est trait\u00e9e avec notre fini Alumina avanc\u00e9, un syst\u00e8me durci aux UV qui offre une r\u00e9sistance sup\u00e9rieure \u00e0 l'usure et aux taches<\/span><\/span><span data-path-to-node=\"9,3\">. <\/span><span data-path-to-node=\"9,5\"><span class=\"citation-552\">Ce fini int\u00e8gre la <\/span><b data-path-to-node=\"9,5\" data-index-in-node=\"32\"><span class=\"citation-552\">protection antibact\u00e9rienne PermaClean<\/span><\/b><\/span><span data-path-to-node=\"9,7\">, garantissant un environnement plus propre pour votre famille. <\/span><span data-path-to-node=\"9,9\"><span class=\"citation-551\">De plus, nos produits sont conformes aux normes de COV et fabriqu\u00e9s sans formald\u00e9hyde ajout\u00e9 <\/span><\/span><span data-path-to-node=\"9,12\"><span class=\"citation-550\">r\u00e9pondant aux standards les plus \u00e9lev\u00e9s de qualit\u00e9 de l'air int\u00e9rieur<\/span><\/span><span data-path-to-node=\"9,14\">.<\/span><\/p>","protected":false},"excerpt":{"rendered":"<p><span data-path-to-node=\"12,1\"><span class=\"citation-549\">D\u00e9couvrez l'\u00e9l\u00e9gance durable de l'\u00e9rable franc Lauzon Expert, une solution <\/span><\/span><span data-path-to-node=\"12,4\"><span class=\"citation-548\">de plancher fabriqu\u00e9e au Qu\u00e9bec qui est 12 % plus dure que le ch\u00eane rouge traditionnel<\/span><\/span><span data-path-to-node=\"12,6\">. <\/span><span data-path-to-node=\"12,8\"><span class=\"citation-547\">Disponible en constructions <\/span><b data-path-to-node=\"12,8\" data-index-in-node=\"18\"><span class=\"citation-547\">massif<\/span><\/b><span class=\"citation-547\"> et <\/span><b data-path-to-node=\"12,8\" data-index-in-node=\"28\"><span class=\"citation-547\">d'Ing\u00e9nierie 2 plis massif<\/span><\/b><span class=\"citation-547\"> constructions<\/span><\/span><span data-path-to-node=\"12,10\">cette collection offre une polyvalence in\u00e9gal\u00e9e pour chaque niveau de votre demeure <\/span><span data-path-to-node=\"12,12\"><span class=\"citation-546\">Prot\u00e9g\u00e9 par un fini Alumina antibact\u00e9rien haute performance <\/span><\/span><span data-path-to-node=\"12,15\"><span class=\"citation-545\">l'\u00e9rable franc Lauzon constitue une fondation durable, saine et magnifique, con\u00e7ue pour durer toute une vie<\/span><\/span><span data-path-to-node=\"12,17\">.<\/span><\/p>","protected":false},"featured_media":1124,"comment_status":"open","ping_status":"closed","template":"","meta":{"_coblocks_attr":"","_coblocks_dimensions":"","_coblocks_responsive_height":"","_coblocks_accordion_ie_support":"","_kadence_starter_templates_imported_post":false,"_kad_post_transparent":"default","_kad_post_title":"","_kad_post_layout":"default","_kad_post_sidebar_id":"","_kad_post_content_style":"boxed","_kad_post_vertical_padding":"default","_kad_post_feature":"","_kad_post_feature_position":"","_kad_post_header":false,"_kad_post_footer":false,"_kad_post_classname":""},"product_brand":[],"product_cat":[44,39],"product_tag":[],"class_list":{"0":"post-1123","1":"product","2":"type-product","3":"status-publish","4":"has-post-thumbnail","6":"product_cat-engineered-flooring","7":"product_cat-hardwood-flooring","8":"pa_species-erable-maple","9":"pa_supplier-lauzon","11":"first","12":"instock","13":"shipping-taxable","14":"product-type-simple","15":"entry","16":"content-bg","17":"loop-entry"},"_links":{"self":[{"href":"https:\/\/divisionplancher.com\/fr\/wp-json\/wp\/v2\/product\/1123","targetHints":{"allow":["GET"]}}],"collection":[{"href":"https:\/\/divisionplancher.com\/fr\/wp-json\/wp\/v2\/product"}],"about":[{"href":"https:\/\/divisionplancher.com\/fr\/wp-json\/wp\/v2\/types\/product"}],"replies":[{"embeddable":true,"href":"https:\/\/divisionplancher.com\/fr\/wp-json\/wp\/v2\/comments?post=1123"}],"wp:featuredmedia":[{"embeddable":true,"href":"https:\/\/divisionplancher.com\/fr\/wp-json\/wp\/v2\/media\/1124"}],"wp:attachment":[{"href":"https:\/\/divisionplancher.com\/fr\/wp-json\/wp\/v2\/media?parent=1123"}],"wp:term":[{"taxonomy":"product_brand","embeddable":true,"href":"https:\/\/divisionplancher.com\/fr\/wp-json\/wp\/v2\/product_brand?post=1123"},{"taxonomy":"product_cat","embeddable":true,"href":"https:\/\/divisionplancher.com\/fr\/wp-json\/wp\/v2\/product_cat?post=1123"},{"taxonomy":"product_tag","embeddable":true,"href":"https:\/\/divisionplancher.com\/fr\/wp-json\/wp\/v2\/product_tag?post=1123"}],"curies":[{"name":"wp","href":"https:\/\/api.w.org\/{rel}","templated":true}]}}