{"id":1112,"date":"2026-01-23T16:53:20","date_gmt":"2026-01-23T16:53:20","guid":{"rendered":"https:\/\/divisionplancher.com\/?post_type=product&#038;p=1112"},"modified":"2026-01-23T16:54:21","modified_gmt":"2026-01-23T16:54:21","slug":"birch-terroso","status":"publish","type":"product","link":"https:\/\/divisionplancher.com\/fr\/produit\/birch-terroso\/","title":{"rendered":"Merisier - Terroso"},"content":{"rendered":"<h2 data-path-to-node=\"0\">Plancher Lauzon Expert: Merisier<\/h2>\n<p>&nbsp;<\/p>\n<p data-path-to-node=\"2\"><b data-path-to-node=\"2\" data-index-in-node=\"0\">Merisier Lauzon Expert : Un chef-d'\u0153uvre de bois franc canadien<\/b><\/p>\n<p data-path-to-node=\"3\"><span data-path-to-node=\"3,1\"><span class=\"citation-414\">D\u00e9couvrez le mariage parfait entre la nature et l'innovation avec le plancher de bois franc en merisier de Lauzon<\/span><\/span><span data-path-to-node=\"3,3\">. <\/span><span data-path-to-node=\"3,5\"><span class=\"citation-413\">R\u00e9colt\u00e9e, con\u00e7ue et m\u00e9ticuleusement fabriqu\u00e9e ici m\u00eame au Qu\u00e9bec, cette collection incarne le savoir-faire local et la gestion environnementale qui font la renomm\u00e9e de Lauzon<\/span><\/span><span data-path-to-node=\"3,7\">. <\/span><span data-path-to-node=\"3,9\"><span class=\"citation-412\">Le merisier est c\u00e9l\u00e9br\u00e9 pour son grain subtil et ses tons chaleureux et accueillants, ce qui en fait une base id\u00e9ale pour un espace \u00e0 la fois ancr\u00e9 et raffin\u00e9<\/span><\/span><span data-path-to-node=\"3,11\">.<\/span><\/p>\n<div class=\"source-inline-chip-container ng-star-inserted\"><\/div>\n<div class=\"source-inline-chip-container ng-star-inserted\"><\/div>\n<p data-path-to-node=\"4\"><b data-path-to-node=\"4\" data-index-in-node=\"0\">Sp\u00e9cifications du produit :<\/b><\/p>\n<ul data-path-to-node=\"5\">\n<li>\n<p data-path-to-node=\"5,0,1\"><span data-path-to-node=\"5,0,1,0\"><b data-path-to-node=\"5,0,1,0\" data-index-in-node=\"0\"><span class=\"citation-411\">Fournisseur:<\/span><\/b><span class=\"citation-411\"> Plancher Lauzon (Gamme Expert, fi\u00e8rement fabriqu\u00e9 au Qu\u00e9bec, Canada) <\/span><\/span><\/p>\n<div class=\"source-inline-chip-container ng-star-inserted\"><\/div>\n<\/li>\n<li>\n<p data-path-to-node=\"5,1,1\"><span data-path-to-node=\"5,1,1,0\"><b data-path-to-node=\"5,1,1,0\" data-index-in-node=\"0\"><span class=\"citation-410\">Essence de bois:<\/span><\/b><span class=\"citation-410\"> Merisier (Un bois franc r\u00e9silient)<\/span><\/span><\/p>\n<div class=\"source-inline-chip-container ng-star-inserted\"><\/div>\n<\/li>\n<li>\n<p data-path-to-node=\"5,2,1\"><span data-path-to-node=\"5,2,1,0\"><b data-path-to-node=\"5,2,1,0\" data-index-in-node=\"0\"><span class=\"citation-409\">Series:<\/span><\/b><span class=\"citation-409\"> S\u00e9rie \u00c9ssentiel <\/span><\/span><\/p>\n<div class=\"source-inline-chip-container ng-star-inserted\"><\/div>\n<\/li>\n<li>\n<p data-path-to-node=\"5,3,1\"><span data-path-to-node=\"5,3,1,0\"><b data-path-to-node=\"5,3,1,0\" data-index-in-node=\"0\"><span class=\"citation-408\">Grade:<\/span><\/b><span class=\"citation-408\"> Tradition (Un profil naturel pr\u00e9sentant des variations de couleur mod\u00e9r\u00e9es \u00e0 prononc\u00e9es et le caract\u00e8re authentique du bois) <\/span><\/span><\/p>\n<div class=\"source-inline-chip-container ng-star-inserted\"><\/div>\n<\/li>\n<li>\n<p data-path-to-node=\"5,4,1\"><span data-path-to-node=\"5,4,1,0\"><b data-path-to-node=\"5,4,1,0\" data-index-in-node=\"0\"><span class=\"citation-407\">Largeurs disponibles:<\/span><\/b><span class=\"citation-407\"> 3 1\/4&#8243; and 4 1\/4&#8243; <\/span><\/span><\/p>\n<div class=\"source-inline-chip-container ng-star-inserted\"><\/div>\n<\/li>\n<li>\n<p data-path-to-node=\"5,5,1\"><span data-path-to-node=\"5,5,1,0\"><b data-path-to-node=\"5,5,1,0\" data-index-in-node=\"0\"><span class=\"citation-406\">Finition:<\/span><\/b><span class=\"citation-406\"> Texture lisse avec un lustre Mat (20 %) ou Ultra-mat (10 %) <\/span><\/span><\/p>\n<div class=\"source-inline-chip-container ng-star-inserted\"><\/div>\n<\/li>\n<li>\n<p data-path-to-node=\"5,6,1\"><span data-path-to-node=\"5,6,1,0\"><b data-path-to-node=\"5,6,1,0\" data-index-in-node=\"0\"><span class=\"citation-405\">\u00c9paisseur:<\/span><\/b><span class=\"citation-405\"> 3\/4&#8243; Solid construction <\/span><\/span><\/p>\n<div class=\"source-inline-chip-container ng-star-inserted\"><\/div>\n<\/li>\n<\/ul>\n<p data-path-to-node=\"6\"><b data-path-to-node=\"6\" data-index-in-node=\"0\">Le caract\u00e8re vibrant du grade Tradition<\/b><\/p>\n<p data-path-to-node=\"7\"><span data-path-to-node=\"7,1\"><span class=\"citation-404\">Notre merisier de grade \u00ab Tradition \u00bb est con\u00e7u pour ceux qui appr\u00e9cient la beaut\u00e9 v\u00e9ritable et authentique de la for\u00eat<\/span><\/span><span data-path-to-node=\"7,3\">. <\/span><span data-path-to-node=\"7,5\"><span class=\"citation-403\">Ce grade met en valeur la personnalit\u00e9 naturelle du bois \u00e0 travers un magnifique spectre de nuances de couleurs, compl\u00e9t\u00e9 par des caract\u00e9ristiques organiques telles que des n\u0153uds sains et des coul\u00e9es min\u00e9rales<\/span><\/span><span data-path-to-node=\"7,7\">. <\/span><span data-path-to-node=\"7,9\"><span class=\"citation-402\">Chaque planche raconte une histoire unique, ajoutant une touche de texture sophistiqu\u00e9e et de vie \u00e0 votre demeure<\/span><\/span><span data-path-to-node=\"7,11\">.<\/span><\/p>\n<div class=\"source-inline-chip-container ng-star-inserted\"><\/div>\n<div class=\"source-inline-chip-container ng-star-inserted\"><\/div>\n<div class=\"source-inline-chip-container ng-star-inserted\"><\/div>\n<p data-path-to-node=\"8\"><b data-path-to-node=\"8\" data-index-in-node=\"0\">Protection avanc\u00e9e avec le fini Alumina<\/b><\/p>\n<p data-path-to-node=\"9\"><span data-path-to-node=\"9,1\"><span class=\"citation-401\">L'engagement de Lauzon envers la qualit\u00e9 va au-del\u00e0 de la surface<\/span><\/span><span data-path-to-node=\"9,3\">. <\/span><span data-path-to-node=\"9,5\"><span class=\"citation-400\">Ce plancher est dot\u00e9 d'un fini Alumina avanc\u00e9, un syst\u00e8me de polyur\u00e9thane durci aux UV infus\u00e9 d'oxyde d'aluminium pour une r\u00e9sistance sup\u00e9rieure \u00e0 l'usure et aux taches<\/span><\/span><span data-path-to-node=\"9,7\">. <\/span><span data-path-to-node=\"9,9\"><span class=\"citation-399\">Ce rev\u00eatement haute performance est non seulement facile \u00e0 entretenir, mais il est \u00e9galement dot\u00e9 de la protection antibact\u00e9rienne PermaClean, garantissant que votre environnement de vie demeure aussi sain que beau<\/span><\/span><span data-path-to-node=\"9,11\">.<\/span><\/p>\n<div class=\"source-inline-chip-container ng-star-inserted\"><\/div>\n<div class=\"source-inline-chip-container ng-star-inserted\"><\/div>\n<p data-path-to-node=\"10\"><b data-path-to-node=\"10\" data-index-in-node=\"0\">Un choix durable et sain<\/b><\/p>\n<p data-path-to-node=\"11\"><span data-path-to-node=\"11,1\"><span class=\"citation-398\">Respirez \u00e0 l'aise en sachant que votre plancher r\u00e9pond aux normes environnementales les plus strictes<\/span><\/span><span data-path-to-node=\"11,3\">. <\/span><span data-path-to-node=\"11,5\"><span class=\"citation-397\">Notre merisier est conforme \u00e0 la phase II du CARB et est admissible aux cr\u00e9dits LEED, sans formald\u00e9hyde ajout\u00e9<\/span><\/span><span data-path-to-node=\"11,7\">. <\/span><span data-path-to-node=\"11,9\"><span class=\"citation-396\">C'est un choix qui soutient \u00e0 la fois le bien-\u00eatre de votre famille et la pr\u00e9servation de nos for\u00eats canadiennes<\/span><\/span><span data-path-to-node=\"11,11\">.<\/span><\/p>","protected":false},"excerpt":{"rendered":"<p><strong><span class=\"citation-395\">Apportez la chaleur de la for\u00eat canadienne dans votre demeure avec le merisier Lauzon Expert.<\/span>. <span class=\"citation-394\">Fi\u00e8rement fabriqu\u00e9 au Qu\u00e9bec, ce plancher de bois franc massif pr\u00e9sente le grade \u00ab Tradition \u00bb, mettant en valeur les variations de couleurs naturelles du bois et son caract\u00e8re authentique.<\/span>. <span class=\"citation-393\">Prot\u00e9g\u00e9 par un fini Alumina antibact\u00e9rien haute performance, il offre une surface durable et intemporelle con\u00e7ue pour rehausser la beaut\u00e9 de votre maison pendant des d\u00e9cennies.<\/span>.<\/strong><\/p>","protected":false},"featured_media":1113,"comment_status":"open","ping_status":"closed","template":"","meta":{"_coblocks_attr":"","_coblocks_dimensions":"","_coblocks_responsive_height":"","_coblocks_accordion_ie_support":"","_kadence_starter_templates_imported_post":false,"_kad_post_transparent":"default","_kad_post_title":"","_kad_post_layout":"default","_kad_post_sidebar_id":"","_kad_post_content_style":"boxed","_kad_post_vertical_padding":"default","_kad_post_feature":"","_kad_post_feature_position":"","_kad_post_header":false,"_kad_post_footer":false,"_kad_post_classname":""},"product_brand":[],"product_cat":[39],"product_tag":[],"class_list":{"0":"post-1112","1":"product","2":"type-product","3":"status-publish","4":"has-post-thumbnail","6":"product_cat-hardwood-flooring","7":"pa_species-merisier-birch","8":"pa_supplier-lauzon","10":"first","11":"instock","12":"shipping-taxable","13":"product-type-simple","14":"entry","15":"content-bg","16":"loop-entry"},"_links":{"self":[{"href":"https:\/\/divisionplancher.com\/fr\/wp-json\/wp\/v2\/product\/1112","targetHints":{"allow":["GET"]}}],"collection":[{"href":"https:\/\/divisionplancher.com\/fr\/wp-json\/wp\/v2\/product"}],"about":[{"href":"https:\/\/divisionplancher.com\/fr\/wp-json\/wp\/v2\/types\/product"}],"replies":[{"embeddable":true,"href":"https:\/\/divisionplancher.com\/fr\/wp-json\/wp\/v2\/comments?post=1112"}],"wp:featuredmedia":[{"embeddable":true,"href":"https:\/\/divisionplancher.com\/fr\/wp-json\/wp\/v2\/media\/1113"}],"wp:attachment":[{"href":"https:\/\/divisionplancher.com\/fr\/wp-json\/wp\/v2\/media?parent=1112"}],"wp:term":[{"taxonomy":"product_brand","embeddable":true,"href":"https:\/\/divisionplancher.com\/fr\/wp-json\/wp\/v2\/product_brand?post=1112"},{"taxonomy":"product_cat","embeddable":true,"href":"https:\/\/divisionplancher.com\/fr\/wp-json\/wp\/v2\/product_cat?post=1112"},{"taxonomy":"product_tag","embeddable":true,"href":"https:\/\/divisionplancher.com\/fr\/wp-json\/wp\/v2\/product_tag?post=1112"}],"curies":[{"name":"wp","href":"https:\/\/api.w.org\/{rel}","templated":true}]}}