{"id":1043,"date":"2025-10-20T17:35:15","date_gmt":"2025-10-20T17:35:15","guid":{"rendered":"https:\/\/divisionplancher.com\/?post_type=product&#038;p=1043"},"modified":"2025-10-20T17:37:13","modified_gmt":"2025-10-20T17:37:13","slug":"crackled-construct-00700","status":"publish","type":"product","link":"https:\/\/divisionplancher.com\/fr\/produit\/crackled-construct-00700\/","title":{"rendered":"Crackled &#8211; Create 00510"},"content":{"rendered":"<h4><b>Shaw Philadelphia | Crackled : Un design textur\u00e9, une durabilit\u00e9 commerciale<\/b><\/h4>\n<p>&nbsp;<\/p>\n<p class=\"translation-block\">D\u00e9finissez votre espace avec la profondeur artistique de la collection Crackled de Shaw Philadelphia. Cette tuile de tapis haute performance pr\u00e9sente un riche motif boucl\u00e9 multi-niveaux  qui apporte une texture \u00ab craquel\u00e9e \u00bb et sophistiqu\u00e9e au sol. Con\u00e7ue pour performer dans les environnements les plus exigeants, Crackled est class\u00e9e pour un trafic commercial intense (Heavy), offrant le m\u00e9lange parfait entre un design haut de gamme et une performance r\u00e9siliente.<\/p>\n<div class=\"source-inline-chip-container ng-star-inserted\"><\/div>\n<div class=\"source-inline-chip-container ng-star-inserted\"><\/div>\n<p>&nbsp;<\/p>\n<h4><b>Caract\u00e9ristiques techniques :<\/b><\/h4>\n<p>&nbsp;<\/p>\n<ul>\n<li><b><span class=\"citation-678\">Nom du Style:<\/span><\/b><span class=\"citation-678 citation-end-678\"> Crackled <\/span>\n<div class=\"source-inline-chip-container ng-star-inserted\"><\/div>\n<\/li>\n<li><b><span class=\"citation-676\">Type de produit:<\/span><\/b><span class=\"citation-676 citation-end-676\"> Tuile de tapis (StrataWorx\u00ae Backing) <\/span>\n<div class=\"source-inline-chip-container ng-star-inserted\"><\/div>\n<div class=\"source-inline-chip-container ng-star-inserted\"><\/div>\n<\/li>\n<li><b><span class=\"citation-675\">Usage:<\/span><\/b><span class=\"citation-675 citation-end-675\"> Lourd <\/span>\n<div class=\"source-inline-chip-container ng-star-inserted\"><\/div>\n<\/li>\n<li><b><span class=\"citation-674\">Fibre:<\/span><\/b><span class=\"citation-674 citation-end-674\"> Eco Solution Q\u00ae Nylon <\/span>\n<div class=\"source-inline-chip-container ng-star-inserted\"><\/div>\n<\/li>\n<li><b><span class=\"citation-673\">M\u00e9thode de teinture:<\/span><\/b><span class=\"citation-673 citation-end-673\"> teinte dans la masse (\u00ab Solution Dyed \u00bb) <\/span>\n<div class=\"source-inline-chip-container ng-star-inserted\"><\/div>\n<\/li>\n<li><b><span class=\"citation-672\">Traitement protecteur:<\/span><\/b><span class=\"citation-672 citation-end-672\"> SSP Shaw Soil Protection <\/span>\n<div class=\"source-inline-chip-container ng-star-inserted\"><\/div>\n<\/li>\n<li><b><span class=\"citation-671\">Dimensions:<\/span><\/b><span class=\"citation-671 citation-end-671\"> 24 in x 24 in <\/span>\n<div class=\"source-inline-chip-container ng-star-inserted\"><\/div>\n<\/li>\n<li><b><span class=\"citation-670\">Garantie:<\/span><\/b><span class=\"citation-670 citation-end-670\"> 15 ans limit\u00e9e commerciale <\/span>\n<div class=\"source-inline-chip-container ng-star-inserted\"><\/div>\n<\/li>\n<li><b><span class=\"citation-669\">Qualit\u00e9 de l'air int\u00e9rieur:<\/span><\/b><span class=\"citation-669 citation-end-669\"> Certifi\u00e9 CRI Green Label Plus (GLP2671) <\/span>\n<div class=\"source-inline-chip-container ng-star-inserted\"><\/div>\n<div class=\"source-inline-chip-container ng-star-inserted\"><\/div>\n<div class=\"source-inline-chip-container ng-star-inserted\"><\/div>\n<\/li>\n<\/ul>\n<hr \/>\n<p>&nbsp;<\/p>\n<h4><b>Caract\u00e9ristiques et avantages<\/b><\/h4>\n<p>&nbsp;<\/p>\n<p><b>Con\u00e7ue pour le trafic intense<\/b> La collection Crackled est con\u00e7ue pour durer dans les espaces commerciaux \u00e0 fort trafic. <span class=\"citation-668 citation-end-668\">Sa fondation est la fibre de nylon r\u00e9siliente Eco Solution Q\u00ae <\/span><span class=\"citation-667 citation-end-667\">, qui offre une r\u00e9sistance \u00e0 l'usure exceptionnelle et est appuy\u00e9e par une garantie limit\u00e9e commerciale de 15 ans pour votre tranquillit\u00e9 d'esprit.<\/span>.<\/p>\n<div class=\"source-inline-chip-container ng-star-inserted\"><\/div>\n<div class=\"source-inline-chip-container ng-star-inserted\"><\/div>\n<p><b>R\u00e9sistance sup\u00e9rieure aux taches et \u00e0 la salet\u00e9<\/b> Cette tuile de tapis excelle \u00e0 conserver son apparence neuve plus longtemps. <span class=\"citation-666\">La <\/span><b><span class=\"citation-666\">Fibre teinte dans la masse<\/span><\/b><span class=\"citation-666 citation-end-666\"> fiber <\/span> offre une couleur permanente qui ne se d\u00e9colore pas et une r\u00e9sistance sup\u00e9rieure aux taches. <span class=\"citation-665\">Ceci est renforc\u00e9 par le traitement <\/span><b><span class=\"citation-665\">&#8220;SSP Shaw Soil Protection&#8221;<\/span><\/b>, qui facilite le nettoyage et aide \u00e0 maintenir une apparence professionnelle.<\/p>\n<div class=\"source-inline-chip-container ng-star-inserted\"><\/div>\n<div class=\"source-inline-chip-container ng-star-inserted\"><\/div>\n<p><b>Design artistique et libert\u00e9 de cr\u00e9ation<\/b> <span class=\"citation-664\">Le sophistiqu\u00e9 <\/span><b><span class=\"citation-664\">&#8220;Multi-Level Pattern Loop&#8221;<\/span><\/b> offre un visuel textur\u00e9 et dynamique qui ajoute une touche artistique \u00e0 votre espace tout en dissimulant la salet\u00e9 et les traces de pas. <span class=\"citation-663 citation-end-663\">Les tuiles modulaires de 24 po x 24 po <\/span><span class=\"citation-662\">offrent une immense libert\u00e9 de cr\u00e9ation, permettant de multiples m\u00e9thodes d'installation, y compris <\/span><b><span class=\"citation-662\">Monolithique<\/span><\/b><span class=\"citation-662\">, <\/span><b><span class=\"citation-662\">Quart de tour<\/span><\/b><span class=\"citation-662\">, <\/span><b><span class=\"citation-662\">&#8220;Ashlar&#8221;<\/span><\/b><span class=\"citation-662\">, Et <\/span><b><span class=\"citation-662\">En Brique<\/span><\/b>.<\/p>\n<div class=\"source-inline-chip-container ng-star-inserted\"><\/div>\n<div class=\"source-inline-chip-container ng-star-inserted\"><\/div>\n<div class=\"source-inline-chip-container ng-star-inserted\"><\/div>\n<p><b>Un chef de file en design durable<\/b> Sp\u00e9cifiez en toute confiance. <span class=\"citation-661\">Crackled is <\/span><b><span class=\"citation-661\">certifi\u00e9 Cradle to Cradle\u00ae niveau Argent<\/span><\/b> <span class=\"citation-660\">et respecte des normes environnementales rigoureuses, y compris <\/span><b><span class=\"citation-660\">EPD<\/span><\/b> <span class=\"citation-659\">, <\/span><b><span class=\"citation-659\">HPD<\/span><\/b> <span class=\"citation-658\">, Et <\/span><b><span class=\"citation-658\">Declare<\/span><\/b><span class=\"citation-658 citation-end-658\"> (conforme au Living Building Challenge)<\/span>. <span class=\"citation-657\">Elle est aussi <\/span><b><span class=\"citation-657\">certifi\u00e9e CRI Green Label Plus<\/span><\/b><span class=\"citation-657 citation-end-657\"> pour de faibles \u00e9missions de COV et un air int\u00e9rieur sain.<\/span>.<\/p>\n<div class=\"source-inline-chip-container ng-star-inserted\"><\/div>\n<div class=\"source-inline-chip-container ng-star-inserted\"><\/div>\n<div class=\"source-inline-chip-container ng-star-inserted\"><\/div>\n<div class=\"source-inline-chip-container ng-star-inserted\"><\/div>\n<div class=\"source-inline-chip-container ng-star-inserted\"><\/div>\n<p><b>Pr\u00eat \u00e0 ajouter une touche de design textur\u00e9 \u00e0 votre espace commercial?<\/b> Contactez-nous pour une consultation priv\u00e9e \u00e0 notre salle de montre de Boisbriand ou commandez un \u00e9chantillon pour d\u00e9couvrir la riche texture de Crackled.<\/p>","protected":false},"excerpt":{"rendered":"<p class=\"translation-block\">La collection Crackled de Shaw Philadelphia apporte un design organique et textur\u00e9 aux espaces commerciaux. Cette tuile de tapis, class\u00e9e pour un trafic intense , pr\u00e9sente un motif boucl\u00e9 multi-niveaux r\u00e9silient sur une fibre de nylon Eco Solution Q\u00ae. Prot\u00e9g\u00e9e par le traitement SSP Shaw Soil Protection et appuy\u00e9e par une garantie limit\u00e9e commerciale de 15 ans, c'est une fondation durable et styl\u00e9e. En tant que produit certifi\u00e9 Cradle to Cradle\u00ae niveau Argent, c'est aussi un chef de file en design durable.<\/p>","protected":false},"featured_media":1052,"comment_status":"open","ping_status":"closed","template":"","meta":{"_coblocks_attr":"","_coblocks_dimensions":"","_coblocks_responsive_height":"","_coblocks_accordion_ie_support":"","_kadence_starter_templates_imported_post":false,"_kad_post_transparent":"default","_kad_post_title":"","_kad_post_layout":"default","_kad_post_sidebar_id":"","_kad_post_content_style":"default","_kad_post_vertical_padding":"default","_kad_post_feature":"","_kad_post_feature_position":"","_kad_post_header":false,"_kad_post_footer":false,"_kad_post_classname":""},"product_brand":[],"product_cat":[42],"product_tag":[],"class_list":{"0":"post-1043","1":"product","2":"type-product","3":"status-publish","4":"has-post-thumbnail","6":"product_cat-carpet-tiles","7":"pa_collection-crackled","8":"pa_species-carpet","9":"pa_supplier-shaw-industries","11":"first","12":"instock","13":"shipping-taxable","14":"product-type-simple","15":"entry","16":"content-bg","17":"loop-entry"},"_links":{"self":[{"href":"https:\/\/divisionplancher.com\/fr\/wp-json\/wp\/v2\/product\/1043","targetHints":{"allow":["GET"]}}],"collection":[{"href":"https:\/\/divisionplancher.com\/fr\/wp-json\/wp\/v2\/product"}],"about":[{"href":"https:\/\/divisionplancher.com\/fr\/wp-json\/wp\/v2\/types\/product"}],"replies":[{"embeddable":true,"href":"https:\/\/divisionplancher.com\/fr\/wp-json\/wp\/v2\/comments?post=1043"}],"wp:featuredmedia":[{"embeddable":true,"href":"https:\/\/divisionplancher.com\/fr\/wp-json\/wp\/v2\/media\/1052"}],"wp:attachment":[{"href":"https:\/\/divisionplancher.com\/fr\/wp-json\/wp\/v2\/media?parent=1043"}],"wp:term":[{"taxonomy":"product_brand","embeddable":true,"href":"https:\/\/divisionplancher.com\/fr\/wp-json\/wp\/v2\/product_brand?post=1043"},{"taxonomy":"product_cat","embeddable":true,"href":"https:\/\/divisionplancher.com\/fr\/wp-json\/wp\/v2\/product_cat?post=1043"},{"taxonomy":"product_tag","embeddable":true,"href":"https:\/\/divisionplancher.com\/fr\/wp-json\/wp\/v2\/product_tag?post=1043"}],"curies":[{"name":"wp","href":"https:\/\/api.w.org\/{rel}","templated":true}]}}