{"id":1009,"date":"2025-10-20T17:18:23","date_gmt":"2025-10-20T17:18:23","guid":{"rendered":"https:\/\/divisionplancher.com\/?post_type=product&#038;p=1009"},"modified":"2025-10-20T17:19:08","modified_gmt":"2025-10-20T17:19:08","slug":"chiseled-create-00510","status":"publish","type":"product","link":"https:\/\/divisionplancher.com\/fr\/produit\/chiseled-create-00510\/","title":{"rendered":"Chiseled &#8211; Create 00510"},"content":{"rendered":"<h4><b>Shaw Philadelphia | Chiseled : Un design cisel\u00e9, une durabilit\u00e9 commerciale<\/b><\/h4>\n<p>&nbsp;<\/p>\n<p>D\u00e9finissez votre espace avec la profondeur artistique de la collection Chiseled de Shaw Philadelphia. <span class=\"citation-498\">Cette tuile de tapis haute performance pr\u00e9sente un riche <\/span><b><span class=\"citation-498\">motif multicolore<\/span><\/b> qui apporte une texture \u00ab cisel\u00e9e \u00bb et sophistiqu\u00e9e au sol. <span class=\"citation-497\">on\u00e7ue pour performer dans les environnements les plus exigeants, Chiseled est class\u00e9e pour un trafic commercial <\/span><b><span class=\"citation-497\">\u00ab Heavy \u00bb (intense)<\/span><\/b><span class=\"citation-497 citation-end-497\"> Con\u00e7ue pour les espaces commerciaux exigeants<\/span>, offrant le m\u00e9lange parfait entre un design haut de gamme et une performance r\u00e9siliente.<\/p>\n<div class=\"source-inline-chip-container ng-star-inserted\"><\/div>\n<p>&nbsp;<\/p>\n<h4><b>Caract\u00e9ristiques techniques :<\/b><\/h4>\n<p>&nbsp;<\/p>\n<ul>\n<li><b><span class=\"citation-496\">Nom du Style:<\/span><\/b><span class=\"citation-496 citation-end-496\"> Chiseled <\/span>\n<div class=\"source-inline-chip-container ng-star-inserted\"><\/div>\n<\/li>\n<li><b><span class=\"citation-494\">Type de produit:<\/span><\/b><span class=\"citation-494 citation-end-494\"> Tuile de tapis (StrataWorx\u00ae Backing) <\/span>\n<div class=\"source-inline-chip-container ng-star-inserted\"><\/div>\n<\/li>\n<li><b><span class=\"citation-493\">Usage:<\/span><\/b><span class=\"citation-493 citation-end-493\"> Lourd <\/span>\n<div class=\"source-inline-chip-container ng-star-inserted\"><\/div>\n<\/li>\n<li><b><span class=\"citation-492\">Fibre:<\/span><\/b><span class=\"citation-492 citation-end-492\"> Eco Solution Q\u00ae Nylon <\/span>\n<div class=\"source-inline-chip-container ng-star-inserted\"><\/div>\n<\/li>\n<li><b><span class=\"citation-491\">M\u00e9thode de teinture:<\/span><\/b><span class=\"citation-491 citation-end-491\"> teinte dans la masse (\u00ab Solution Dyed \u00bb) <\/span>\n<div class=\"source-inline-chip-container ng-star-inserted\"><\/div>\n<\/li>\n<li><b><span class=\"citation-490\">Traitement protecteur:<\/span><\/b><span class=\"citation-490 citation-end-490\"> SSP Shaw Soil Protection <\/span>\n<div class=\"source-inline-chip-container ng-star-inserted\"><\/div>\n<\/li>\n<li><b><span class=\"citation-489\">Dimensions:<\/span><\/b><span class=\"citation-489 citation-end-489\"> 24 in x 24 in <\/span>\n<div class=\"source-inline-chip-container ng-star-inserted\"><\/div>\n<\/li>\n<li><b><span class=\"citation-488\">Garantie:<\/span><\/b><span class=\"citation-488 citation-end-488\"> 15 ans limit\u00e9e commerciale <\/span>\n<div class=\"source-inline-chip-container ng-star-inserted\"><\/div>\n<\/li>\n<li><b><span class=\"citation-487\">Qualit\u00e9 de l'air int\u00e9rieur:<\/span><\/b><span class=\"citation-487 citation-end-487\"> Certifi\u00e9 CRI Green Label Plus (GLP2671) <\/span>\n<div class=\"source-inline-chip-container ng-star-inserted\"><\/div>\n<div class=\"source-inline-chip-container ng-star-inserted\"><\/div>\n<\/li>\n<\/ul>\n<hr \/>\n<p>&nbsp;<\/p>\n<h4><b>Caract\u00e9ristiques et avantages<\/b><\/h4>\n<p>&nbsp;<\/p>\n<p><b>Con\u00e7ue pour le trafic intense<\/b> <span class=\"citation-486 citation-end-486\">La collection Chiseled est con\u00e7ue pour durer dans les espaces commerciaux \u00e0 fort trafic<\/span>. <span class=\"citation-485 citation-end-485\">Sa fondation est la fibre de nylon r\u00e9siliente Eco Solution Q\u00ae <\/span><span class=\"citation-484 citation-end-484\">, qui offre une r\u00e9sistance \u00e0 l'usure exceptionnelle et est appuy\u00e9e par une garantie limit\u00e9e commerciale de 15 ans <\/span> pour votre tranquillit\u00e9 d'esprit.<\/p>\n<div class=\"source-inline-chip-container ng-star-inserted\"><\/div>\n<div class=\"source-inline-chip-container ng-star-inserted\"><\/div>\n<p><b>R\u00e9sistance sup\u00e9rieure aux taches et \u00e0 la salet\u00e9<\/b> Cette tuile de tapis excelle \u00e0 conserver son apparence neuve plus longtemps. <span class=\"citation-483\">La <\/span><b><span class=\"citation-483\">Fibre teinte dans la masse<\/span><\/b><span class=\"citation-483 citation-end-483\"> fiber <\/span> offre une couleur permanente qui ne se d\u00e9colore pas et une r\u00e9sistance sup\u00e9rieure aux taches. <span class=\"citation-482\">Ceci est renforc\u00e9 par le traitement <\/span><b><span class=\"citation-482\">&#8220;SSP Shaw Soil Protection&#8221;<\/span><\/b>, qui facilite le nettoyage et aide \u00e0 maintenir une apparence professionnelle.<\/p>\n<div class=\"source-inline-chip-container ng-star-inserted\"><\/div>\n<p><b>Design artistique et libert\u00e9 de cr\u00e9ation<\/b> <span class=\"citation-481\">Le sophistiqu\u00e9 <\/span><b><span class=\"citation-481\">motif multicolore<\/span><\/b> offre un visuel textur\u00e9 et dynamique qui ajoute une touche artistique \u00e0 votre espace tout en dissimulant la salet\u00e9 et les traces de pas. <span class=\"citation-480 citation-end-480\">Les tuiles modulaires de 24 po x 24 po <\/span><span class=\"citation-479\">offrent une immense libert\u00e9 de cr\u00e9ation, permettant de multiples m\u00e9thodes d'installation, y compris <\/span><b><span class=\"citation-479\">Monolithique<\/span><\/b><span class=\"citation-479\">, <\/span><b><span class=\"citation-479\">Quart de tour<\/span><\/b><span class=\"citation-479\">, <\/span><b><span class=\"citation-479\">&#8220;Ashlar&#8221;<\/span><\/b><span class=\"citation-479\">, Et <\/span><b><span class=\"citation-479\">En Brique<\/span><\/b>.<\/p>\n<div class=\"source-inline-chip-container ng-star-inserted\"><\/div>\n<div class=\"source-inline-chip-container ng-star-inserted\"><\/div>\n<p><b>Un chef de file en design durable<\/b> Sp\u00e9cifiez en toute confiance. <span class=\"citation-478\">Chiseled est <\/span><b><span class=\"citation-478\">certifi\u00e9 Cradle to Cradle\u00ae niveau Argent<\/span><\/b> <span class=\"citation-477\">et respecte des normes environnementales rigoureuses, y compris <\/span><b><span class=\"citation-477\">EPD<\/span><\/b> <span class=\"citation-476\">, <\/span><b><span class=\"citation-476\">HPD<\/span><\/b> <span class=\"citation-475\">, Et <\/span><b><span class=\"citation-475\">Declare<\/span><\/b><span class=\"citation-475 citation-end-475\"> (conforme au Living Building Challenge)<\/span>. <span class=\"citation-474\">Elle est aussi <\/span><b><span class=\"citation-474\">certifi\u00e9e CRI Green Label Plus<\/span><\/b><span class=\"citation-474 citation-end-474\"> certified <\/span> pour de faibles \u00e9missions de COV et un air int\u00e9rieur sain.<\/p>\n<div class=\"source-inline-chip-container ng-star-inserted\"><\/div>\n<div class=\"source-inline-chip-container ng-star-inserted\"><\/div>\n<div class=\"source-inline-chip-container ng-star-inserted\"><\/div>\n<div class=\"source-inline-chip-container ng-star-inserted\"><\/div>\n<div class=\"source-inline-chip-container ng-star-inserted\"><\/div>\n<p><b>Pr\u00eat \u00e0 ajouter une touche de design cisel\u00e9 \u00e0 votre espace commercial?<\/b> Contactez-nous pour une consultation priv\u00e9e \u00e0 notre salle de montre de Boisbriand ou commandez un \u00e9chantillon pour d\u00e9couvrir la riche texture de Chiseled.<\/p>","protected":false},"excerpt":{"rendered":"<p><span class=\"citation-448 citation-end-448\">The Chiseled collection by Shaw Philadelphia offers a sophisticated, multi-color pattern <\/span> for demanding commercial environments. <span class=\"citation-447\">Class\u00e9e pour un traficClass\u00e9e pour un trafic commercial <\/span><b><span class=\"citation-447\">\u00ab Heavy \u00bb (intense)<\/span><\/b><span class=\"citation-447 citation-end-447\"> traffic <\/span><span class=\"citation-446\">, this <\/span><b><span class=\"citation-446\">Cradle to Cradle Certified Silver<\/span><\/b> <span class=\"citation-445 citation-end-445\">carpet tile features a durable Eco Solution Q\u00ae Nylon fiber <\/span><span class=\"citation-444\">that is <\/span><b><span class=\"citation-444\">Fibre teinte dans la masse<\/span><\/b> <span class=\"citation-443\">and protected by <\/span><b><span class=\"citation-443\">SSP Shaw Soil Protection<\/span><\/b>. <span class=\"citation-442 citation-end-442\">It&#8217;s a high-design, high-performance solution backed by a 15-year commercial warranty<\/span>.<\/p>","protected":false},"featured_media":1013,"comment_status":"open","ping_status":"closed","template":"","meta":{"_coblocks_attr":"","_coblocks_dimensions":"","_coblocks_responsive_height":"","_coblocks_accordion_ie_support":"","_kadence_starter_templates_imported_post":false,"_kad_post_transparent":"default","_kad_post_title":"","_kad_post_layout":"default","_kad_post_sidebar_id":"","_kad_post_content_style":"default","_kad_post_vertical_padding":"default","_kad_post_feature":"","_kad_post_feature_position":"","_kad_post_header":false,"_kad_post_footer":false,"_kad_post_classname":""},"product_brand":[],"product_cat":[42],"product_tag":[],"class_list":{"0":"post-1009","1":"product","2":"type-product","3":"status-publish","4":"has-post-thumbnail","6":"product_cat-carpet-tiles","7":"pa_collection-chiseled","8":"pa_species-carpet","9":"pa_supplier-shaw-industries","11":"first","12":"instock","13":"shipping-taxable","14":"product-type-simple","15":"entry","16":"content-bg","17":"loop-entry"},"_links":{"self":[{"href":"https:\/\/divisionplancher.com\/fr\/wp-json\/wp\/v2\/product\/1009","targetHints":{"allow":["GET"]}}],"collection":[{"href":"https:\/\/divisionplancher.com\/fr\/wp-json\/wp\/v2\/product"}],"about":[{"href":"https:\/\/divisionplancher.com\/fr\/wp-json\/wp\/v2\/types\/product"}],"replies":[{"embeddable":true,"href":"https:\/\/divisionplancher.com\/fr\/wp-json\/wp\/v2\/comments?post=1009"}],"wp:featuredmedia":[{"embeddable":true,"href":"https:\/\/divisionplancher.com\/fr\/wp-json\/wp\/v2\/media\/1013"}],"wp:attachment":[{"href":"https:\/\/divisionplancher.com\/fr\/wp-json\/wp\/v2\/media?parent=1009"}],"wp:term":[{"taxonomy":"product_brand","embeddable":true,"href":"https:\/\/divisionplancher.com\/fr\/wp-json\/wp\/v2\/product_brand?post=1009"},{"taxonomy":"product_cat","embeddable":true,"href":"https:\/\/divisionplancher.com\/fr\/wp-json\/wp\/v2\/product_cat?post=1009"},{"taxonomy":"product_tag","embeddable":true,"href":"https:\/\/divisionplancher.com\/fr\/wp-json\/wp\/v2\/product_tag?post=1009"}],"curies":[{"name":"wp","href":"https:\/\/api.w.org\/{rel}","templated":true}]}}